{"id":251,"date":"2020-08-26T14:21:51","date_gmt":"2020-08-26T14:21:51","guid":{"rendered":"https:\/\/audio-tools.at\/?post_type=product&#038;p=251"},"modified":"2020-10-27T22:49:37","modified_gmt":"2020-10-27T22:49:37","slug":"sennheiser-e914","status":"publish","type":"product","link":"https:\/\/audio-tools.at\/index.php\/produkt\/sennheiser-e914\/","title":{"rendered":"Sennheiser e914"},"content":{"rendered":"<p>Das e 914 ist ein Kondensatormikrofon der Extraklasse mit vollem K\u00f6rper und exzellenter Dynamik. Durch die behutsame Betonung edler H\u00f6hen entwickelt es einen seidigen Charakter, ohne eigenwillig zu wirken. Sein geradliniges Impulsverhalten f\u00e4ngt akkurat das Temperament jedes Sets ein, selbst bei sehr hohem Schalldruck. Mit seiner detaillierten Aufl\u00f6sung veredelt das e 914 jeden Live-Drumsound. Dabei zeigt sich die Kapsel enorm resistent gegen Feedbacks und kann zudem individuell an unterschiedliche Genres angepasst werden: Bass Roll-Off\/ Cut-Off und Vord\u00e4mpfung lassen sich jeweils dreistufig vorw\u00e4hlen.<\/p>\n<p>&nbsp;<\/p>\n<ul class=\"feature_list\">\n<li>Kondensatormikrofon<\/li>\n<li>Perfekt f\u00fcr ambitionierte (Live-) Tonaufnahmen<\/li>\n<li>Exzellente Dynamik und lebendiger Klang f\u00fcr eine gro\u00dfe Bandbreite von Instrumenten<\/li>\n<li>Verarbeitet sehr hohe Schalldruckpegel<\/li>\n<li>Dreistufig schaltbarer Bass Roll-Off\/Cut-Off<\/li>\n<li>Dreistufig schaltbare Vord\u00e4mpfung<\/li>\n<\/ul>\n","protected":false},"excerpt":{"rendered":"<p>Das e 914 ist ein Kondensatormikrofon der Extraklasse mit vollem K\u00f6rper und exzellenter Dynamik. Durch die behutsame Betonung edler H\u00f6hen entwickelt es einen seidigen Charakter, ohne eigenwillig zu wirken. Sein geradliniges Impulsverhalten f\u00e4ngt akkurat das Temperament jedes Sets ein, selbst bei sehr hohem Schalldruck. Mit seiner detaillierten Aufl\u00f6sung veredelt das e 914 jeden Live-Drumsound. Dabei [&hellip;]<\/p>\n","protected":false},"featured_media":253,"comment_status":"closed","ping_status":"closed","template":"","meta":[],"product_brand":[],"product_cat":[195,31,192],"product_tag":[],"class_list":{"0":"post-251","1":"product","2":"type-product","3":"status-publish","4":"has-post-thumbnail","6":"product_cat-instrumenten-mikro","7":"product_cat-micros","8":"product_cat-sennheiser","10":"first","11":"instock","12":"taxable","13":"shipping-taxable","14":"purchasable","15":"product-type-simple"},"jetpack_sharing_enabled":true,"_links":{"self":[{"href":"https:\/\/audio-tools.at\/index.php\/wp-json\/wp\/v2\/product\/251","targetHints":{"allow":["GET"]}}],"collection":[{"href":"https:\/\/audio-tools.at\/index.php\/wp-json\/wp\/v2\/product"}],"about":[{"href":"https:\/\/audio-tools.at\/index.php\/wp-json\/wp\/v2\/types\/product"}],"replies":[{"embeddable":true,"href":"https:\/\/audio-tools.at\/index.php\/wp-json\/wp\/v2\/comments?post=251"}],"wp:featuredmedia":[{"embeddable":true,"href":"https:\/\/audio-tools.at\/index.php\/wp-json\/wp\/v2\/media\/253"}],"wp:attachment":[{"href":"https:\/\/audio-tools.at\/index.php\/wp-json\/wp\/v2\/media?parent=251"}],"wp:term":[{"taxonomy":"product_brand","embeddable":true,"href":"https:\/\/audio-tools.at\/index.php\/wp-json\/wp\/v2\/product_brand?post=251"},{"taxonomy":"product_cat","embeddable":true,"href":"https:\/\/audio-tools.at\/index.php\/wp-json\/wp\/v2\/product_cat?post=251"},{"taxonomy":"product_tag","embeddable":true,"href":"https:\/\/audio-tools.at\/index.php\/wp-json\/wp\/v2\/product_tag?post=251"}],"curies":[{"name":"wp","href":"https:\/\/api.w.org\/{rel}","templated":true}]}}