{"id":306,"date":"2020-08-27T15:50:23","date_gmt":"2020-08-27T15:50:23","guid":{"rendered":"https:\/\/audio-tools.at\/?post_type=product&#038;p=306"},"modified":"2020-11-24T18:22:09","modified_gmt":"2020-11-24T18:22:09","slug":"gravity-ms-23-dis-01-b-hoehenverstellbarer-desinfektionsmittelstaender-mit-universal-halter-schwarz","status":"publish","type":"product","link":"https:\/\/audio-tools.at\/index.php\/produkt\/gravity-ms-23-dis-01-b-hoehenverstellbarer-desinfektionsmittelstaender-mit-universal-halter-schwarz\/","title":{"rendered":"Gravity MS 23 DIS 01 B H\u00f6henverstellbarer Desinfektionsmittelst\u00e4nder mit Universal Halter Schwarz"},"content":{"rendered":"<ul>\n<li>Universaler Desinfektionsmittelst\u00e4nder &amp; Halter mit Klemmb\u00fcgel (perfekt f\u00fcr 500ml Pumpflaschen)<\/li>\n<li>H\u00f6henverstellbar bis max. 160cm<\/li>\n<li>Extrem stabiler, standfester Fu\u00df<\/li>\n<li>Praktische Montageschlitze auf der R\u00fcckseite f\u00fcr die direkte Wandfixierung und Anbringung diebstahlsichernder Seile oder \u00c4hnliches.<\/li>\n<li>Maximale Hygiene durch einfache Reinigung der herausnehmbaren Tropfschale<\/li>\n<li>Untere Befestigung auf Mikrofonstativ \u00fcber 5\/8\u201c Gewinde inklusive Reduzieradapter auf 3\/8\u201c<\/li>\n<li>Abmessungen Flaschenhalter: Innenbreite 100 mm, Innentiefe flexibel verstellbar von 62- 96 mm<\/li>\n<li>Halter kompatibel mit SCP710 Superclamp zur Fixierung an Trussen<\/li>\n<\/ul>\n","protected":false},"excerpt":{"rendered":"<p>Universaler Desinfektionsmittelst\u00e4nder &amp; Halter mit Klemmb\u00fcgel (perfekt f\u00fcr 500ml Pumpflaschen) H\u00f6henverstellbar bis max. 160cm Extrem stabiler, standfester Fu\u00df Praktische Montageschlitze auf der R\u00fcckseite f\u00fcr die direkte Wandfixierung und Anbringung diebstahlsichernder Seile oder \u00c4hnliches. Maximale Hygiene durch einfache Reinigung der herausnehmbaren Tropfschale Untere Befestigung auf Mikrofonstativ \u00fcber 5\/8\u201c Gewinde inklusive Reduzieradapter auf 3\/8\u201c Abmessungen Flaschenhalter: Innenbreite [&hellip;]<\/p>\n","protected":false},"featured_media":307,"comment_status":"closed","ping_status":"closed","template":"","meta":[],"product_brand":[],"product_cat":[299,103],"product_tag":[52,53],"class_list":{"0":"post-306","1":"product","2":"type-product","3":"status-publish","4":"has-post-thumbnail","6":"product_cat-desinfektion","7":"product_cat-stativ","8":"product_tag-desinfektionsmittelstaender","9":"product_tag-stativ","11":"first","12":"instock","13":"sale","14":"taxable","15":"shipping-taxable","16":"purchasable","17":"product-type-simple"},"jetpack_sharing_enabled":true,"_links":{"self":[{"href":"https:\/\/audio-tools.at\/index.php\/wp-json\/wp\/v2\/product\/306","targetHints":{"allow":["GET"]}}],"collection":[{"href":"https:\/\/audio-tools.at\/index.php\/wp-json\/wp\/v2\/product"}],"about":[{"href":"https:\/\/audio-tools.at\/index.php\/wp-json\/wp\/v2\/types\/product"}],"replies":[{"embeddable":true,"href":"https:\/\/audio-tools.at\/index.php\/wp-json\/wp\/v2\/comments?post=306"}],"wp:featuredmedia":[{"embeddable":true,"href":"https:\/\/audio-tools.at\/index.php\/wp-json\/wp\/v2\/media\/307"}],"wp:attachment":[{"href":"https:\/\/audio-tools.at\/index.php\/wp-json\/wp\/v2\/media?parent=306"}],"wp:term":[{"taxonomy":"product_brand","embeddable":true,"href":"https:\/\/audio-tools.at\/index.php\/wp-json\/wp\/v2\/product_brand?post=306"},{"taxonomy":"product_cat","embeddable":true,"href":"https:\/\/audio-tools.at\/index.php\/wp-json\/wp\/v2\/product_cat?post=306"},{"taxonomy":"product_tag","embeddable":true,"href":"https:\/\/audio-tools.at\/index.php\/wp-json\/wp\/v2\/product_tag?post=306"}],"curies":[{"name":"wp","href":"https:\/\/api.w.org\/{rel}","templated":true}]}}