{"id":367,"date":"2020-08-30T09:29:24","date_gmt":"2020-08-30T09:29:24","guid":{"rendered":"https:\/\/audio-tools.at\/?post_type=product&#038;p=367"},"modified":"2020-08-30T09:30:47","modified_gmt":"2020-08-30T09:30:47","slug":"guil-pst-11-absperrsystem-mit-schwarzem-gurt","status":"publish","type":"product","link":"https:\/\/audio-tools.at\/index.php\/produkt\/guil-pst-11-absperrsystem-mit-schwarzem-gurt\/","title":{"rendered":"GUIL PST 11 Absperrsystem mit schwarzem Gurt"},"content":{"rendered":"<p>Mit selbstaufrollendem Gurtsystem<br \/>\nEin Pfosten mit Stellfu\u00df im Lieferumfang enthalten<br \/>\nGurtl\u00e4nge: 3 m<br \/>\nDurchmesser Standplatte: 350 mm<br \/>\nH\u00f6he: 90,5 cm<br \/>\nGewicht: 8,74 kg<\/p>\n","protected":false},"excerpt":{"rendered":"<p>Mit selbstaufrollendem Gurtsystem Ein Pfosten mit Stellfu\u00df im Lieferumfang enthalten Gurtl\u00e4nge: 3 m Durchmesser Standplatte: 350 mm H\u00f6he: 90,5 cm Gewicht: 8,74 kg<\/p>\n","protected":false},"featured_media":368,"comment_status":"closed","ping_status":"closed","template":"","meta":[],"product_brand":[],"product_cat":[30],"product_tag":[67,70,69],"class_list":{"0":"post-367","1":"product","2":"type-product","3":"status-publish","4":"has-post-thumbnail","6":"product_cat-addons","7":"product_tag-absperrsystem","8":"product_tag-gurt","9":"product_tag-personenfuehrung","11":"first","12":"instock","13":"sale","14":"taxable","15":"shipping-taxable","16":"purchasable","17":"product-type-simple"},"jetpack_sharing_enabled":true,"_links":{"self":[{"href":"https:\/\/audio-tools.at\/index.php\/wp-json\/wp\/v2\/product\/367","targetHints":{"allow":["GET"]}}],"collection":[{"href":"https:\/\/audio-tools.at\/index.php\/wp-json\/wp\/v2\/product"}],"about":[{"href":"https:\/\/audio-tools.at\/index.php\/wp-json\/wp\/v2\/types\/product"}],"replies":[{"embeddable":true,"href":"https:\/\/audio-tools.at\/index.php\/wp-json\/wp\/v2\/comments?post=367"}],"wp:featuredmedia":[{"embeddable":true,"href":"https:\/\/audio-tools.at\/index.php\/wp-json\/wp\/v2\/media\/368"}],"wp:attachment":[{"href":"https:\/\/audio-tools.at\/index.php\/wp-json\/wp\/v2\/media?parent=367"}],"wp:term":[{"taxonomy":"product_brand","embeddable":true,"href":"https:\/\/audio-tools.at\/index.php\/wp-json\/wp\/v2\/product_brand?post=367"},{"taxonomy":"product_cat","embeddable":true,"href":"https:\/\/audio-tools.at\/index.php\/wp-json\/wp\/v2\/product_cat?post=367"},{"taxonomy":"product_tag","embeddable":true,"href":"https:\/\/audio-tools.at\/index.php\/wp-json\/wp\/v2\/product_tag?post=367"}],"curies":[{"name":"wp","href":"https:\/\/api.w.org\/{rel}","templated":true}]}}