{"id":416,"date":"2020-09-18T11:48:16","date_gmt":"2020-09-18T11:48:16","guid":{"rendered":"https:\/\/audio-tools.at\/?post_type=product&#038;p=416"},"modified":"2020-10-27T22:46:21","modified_gmt":"2020-10-27T22:46:21","slug":"sennheiser-md-421-mkii-mikrofon","status":"publish","type":"product","link":"https:\/\/audio-tools.at\/index.php\/produkt\/sennheiser-md-421-mkii-mikrofon\/","title":{"rendered":"Sennheiser MD 421 MKII Mikrofon"},"content":{"rendered":"<p>Das MD 421 II geh\u00f6rt zu den bekanntesten Mikrofonen der Welt. Durch seine klanglichen Qualit\u00e4ten ist es in den vielf\u00e4ltigsten Aufnahmesituation und in allen Bereichen der Ton\u00fcbertragungstechnik einsetzbar. Der 5stufige Bassschalter unterstreicht seine Allround-Qualit\u00e4ten. Farbe: schwarz, Einsprachekorb: Edelstahl, schwarz.<\/p>\n<p>&nbsp;<\/p>\n<ul class=\"feature_list\">\n<li>Sehr robust<\/li>\n<li>5stufiger Bassschalter<\/li>\n<li>Gute R\u00fcckkopplungsd\u00e4mpfung<\/li>\n<li>Transparente Klangwiedergabe<\/li>\n<li>Einfachste Handhabung durch ausgepr\u00e4gte Richtcharakteristik<\/li>\n<\/ul>\n<p>&nbsp;<\/p>\n<p>Das MD 421MK II wird Inklusive Stativhalterung f\u00fcr 3\/8&#8243;-Gewinde geliefert.<\/p>\n<p><strong>Technische Daten<\/strong><\/p>\n<ul>\n<li>Richtcharakteristik: Niere<\/li>\n<li>\u00dcbertragungsbereich: 30 &#8211; 17.000 Hz<\/li>\n<li>Freifeldleerlauf-\u00dcbertragungsfaktor (1 kHz): 2,0 mV\/Pa \u00b1 3 dB<\/li>\n<li>Nennimpedanz: 200 Ohm<\/li>\n<li>Min. Abschlussimpedanz: 200 Ohm<\/li>\n<li>Anschluss: XLR-3M<\/li>\n<li>Abmessung: 215 x 46 x 49 mm<\/li>\n<li>Gewicht: ca. 385 g<\/li>\n<\/ul>\n<p>&nbsp;<\/p>\n","protected":false},"excerpt":{"rendered":"<p>Das MD 421 II geh\u00f6rt zu den bekanntesten Mikrofonen der Welt. Durch seine klanglichen Qualit\u00e4ten ist es in den vielf\u00e4ltigsten Aufnahmesituation und in allen Bereichen der Ton\u00fcbertragungstechnik einsetzbar. Der 5stufige Bassschalter unterstreicht seine Allround-Qualit\u00e4ten. Farbe: schwarz, Einsprachekorb: Edelstahl, schwarz. &nbsp; Sehr robust 5stufiger Bassschalter Gute R\u00fcckkopplungsd\u00e4mpfung Transparente Klangwiedergabe Einfachste Handhabung durch ausgepr\u00e4gte Richtcharakteristik &nbsp; Das [&hellip;]<\/p>\n","protected":false},"featured_media":423,"comment_status":"closed","ping_status":"closed","template":"","meta":[],"product_brand":[],"product_cat":[195,31,192],"product_tag":[95,96,84],"class_list":{"0":"post-416","1":"product","2":"type-product","3":"status-publish","4":"has-post-thumbnail","6":"product_cat-instrumenten-mikro","7":"product_cat-micros","8":"product_cat-sennheiser","9":"product_tag-allround-mikrofon","10":"product_tag-mikro","11":"product_tag-mikrofon","13":"first","14":"instock","15":"taxable","16":"shipping-taxable","17":"purchasable","18":"product-type-simple"},"jetpack_sharing_enabled":true,"_links":{"self":[{"href":"https:\/\/audio-tools.at\/index.php\/wp-json\/wp\/v2\/product\/416","targetHints":{"allow":["GET"]}}],"collection":[{"href":"https:\/\/audio-tools.at\/index.php\/wp-json\/wp\/v2\/product"}],"about":[{"href":"https:\/\/audio-tools.at\/index.php\/wp-json\/wp\/v2\/types\/product"}],"replies":[{"embeddable":true,"href":"https:\/\/audio-tools.at\/index.php\/wp-json\/wp\/v2\/comments?post=416"}],"wp:featuredmedia":[{"embeddable":true,"href":"https:\/\/audio-tools.at\/index.php\/wp-json\/wp\/v2\/media\/423"}],"wp:attachment":[{"href":"https:\/\/audio-tools.at\/index.php\/wp-json\/wp\/v2\/media?parent=416"}],"wp:term":[{"taxonomy":"product_brand","embeddable":true,"href":"https:\/\/audio-tools.at\/index.php\/wp-json\/wp\/v2\/product_brand?post=416"},{"taxonomy":"product_cat","embeddable":true,"href":"https:\/\/audio-tools.at\/index.php\/wp-json\/wp\/v2\/product_cat?post=416"},{"taxonomy":"product_tag","embeddable":true,"href":"https:\/\/audio-tools.at\/index.php\/wp-json\/wp\/v2\/product_tag?post=416"}],"curies":[{"name":"wp","href":"https:\/\/api.w.org\/{rel}","templated":true}]}}