{"id":435,"date":"2020-09-20T13:33:19","date_gmt":"2020-09-20T13:33:19","guid":{"rendered":"https:\/\/audio-tools.at\/?post_type=product&#038;p=435"},"modified":"2020-09-20T13:33:19","modified_gmt":"2020-09-20T13:33:19","slug":"universal-haken-scp-710-mit-knauf-schwarz-und-bolzen-ss018-set-1","status":"publish","type":"product","link":"https:\/\/audio-tools.at\/index.php\/produkt\/universal-haken-scp-710-mit-knauf-schwarz-und-bolzen-ss018-set-1\/","title":{"rendered":"Universal Haken SCP 710 mit Knauf schwarz und Bolzen SS018 &#8211; Set 1"},"content":{"rendered":"<ul>\n<li>Verstellbarer Klemmhebel &#8211; in jeder Position bedienbar<\/li>\n<li>Vollmetallausf\u00fchrung (Edelstahl und Aluminium-Druckgusslegierung)<\/li>\n<li>F\u00fcr die Montage an runden und eckigen Rohren sowie an flachen Gegenst\u00e4nden<\/li>\n<li>Klemmbereich: 13 &#8211; 55 mm<\/li>\n<li>5\/8&#8243; (16 mm) sechseckige oder runde Zapfenaufnahme<\/li>\n<li>1 x M6 und 2 x M5 Gewinde<\/li>\n<li>T\u00dcV gepr\u00fcft<\/li>\n<li>Belastbarkeit: 20 kg<\/li>\n<li>nicht rostend<\/li>\n<li>Verschiedene Befestigungsbolzen optional erh\u00e4ltlich<\/li>\n<li>16 mm Bolzen M10 f\u00fcr SCP710B<\/li>\n<\/ul>\n","protected":false},"excerpt":{"rendered":"<p>Verstellbarer Klemmhebel &#8211; in jeder Position bedienbar Vollmetallausf\u00fchrung (Edelstahl und Aluminium-Druckgusslegierung) F\u00fcr die Montage an runden und eckigen Rohren sowie an flachen Gegenst\u00e4nden Klemmbereich: 13 &#8211; 55 mm 5\/8&#8243; (16 mm) sechseckige oder runde Zapfenaufnahme 1 x M6 und 2 x M5 Gewinde T\u00dcV gepr\u00fcft Belastbarkeit: 20 kg nicht rostend Verschiedene Befestigungsbolzen optional erh\u00e4ltlich 16 [&hellip;]<\/p>\n","protected":false},"featured_media":436,"comment_status":"closed","ping_status":"closed","template":"","meta":[],"product_brand":[],"product_cat":[87,30],"product_tag":[101,100,102],"class_list":{"0":"post-435","1":"product","2":"type-product","3":"status-publish","4":"has-post-thumbnail","6":"product_cat-tools","7":"product_cat-addons","8":"product_tag-klammer","9":"product_tag-scp710","10":"product_tag-universal-haken","12":"first","13":"instock","14":"sale","15":"taxable","16":"shipping-taxable","17":"purchasable","18":"product-type-simple"},"jetpack_sharing_enabled":true,"_links":{"self":[{"href":"https:\/\/audio-tools.at\/index.php\/wp-json\/wp\/v2\/product\/435","targetHints":{"allow":["GET"]}}],"collection":[{"href":"https:\/\/audio-tools.at\/index.php\/wp-json\/wp\/v2\/product"}],"about":[{"href":"https:\/\/audio-tools.at\/index.php\/wp-json\/wp\/v2\/types\/product"}],"replies":[{"embeddable":true,"href":"https:\/\/audio-tools.at\/index.php\/wp-json\/wp\/v2\/comments?post=435"}],"wp:featuredmedia":[{"embeddable":true,"href":"https:\/\/audio-tools.at\/index.php\/wp-json\/wp\/v2\/media\/436"}],"wp:attachment":[{"href":"https:\/\/audio-tools.at\/index.php\/wp-json\/wp\/v2\/media?parent=435"}],"wp:term":[{"taxonomy":"product_brand","embeddable":true,"href":"https:\/\/audio-tools.at\/index.php\/wp-json\/wp\/v2\/product_brand?post=435"},{"taxonomy":"product_cat","embeddable":true,"href":"https:\/\/audio-tools.at\/index.php\/wp-json\/wp\/v2\/product_cat?post=435"},{"taxonomy":"product_tag","embeddable":true,"href":"https:\/\/audio-tools.at\/index.php\/wp-json\/wp\/v2\/product_tag?post=435"}],"curies":[{"name":"wp","href":"https:\/\/api.w.org\/{rel}","templated":true}]}}