{"id":440,"date":"2020-09-20T13:47:49","date_gmt":"2020-09-20T13:47:49","guid":{"rendered":"https:\/\/audio-tools.at\/?post_type=product&#038;p=440"},"modified":"2020-09-20T13:52:31","modified_gmt":"2020-09-20T13:52:31","slug":"gravity-bg-wbls-331-transporttasche-f-quadratische-bodenplatte","status":"publish","type":"product","link":"https:\/\/audio-tools.at\/index.php\/produkt\/gravity-bg-wbls-331-transporttasche-f-quadratische-bodenplatte\/","title":{"rendered":"Gravity BG WBLS 331 Transporttasche f. quadratische Bodenplatte"},"content":{"rendered":"<ul>\n<li>Robuste Transporttasche aus 1680D-Ballistik-Nylon f\u00fcr quadratische Sockelplatte (563 x 563 mm)<\/li>\n<li>F\u00fcr GLS331B- und GLS431B-Sockelplatte<\/li>\n<li>5 mm starke Polsterung<\/li>\n<li>Klarsichtfenster f\u00fcr Etiketten<\/li>\n<li>YKK Rei\u00dfverschluss<\/li>\n<\/ul>\n","protected":false},"excerpt":{"rendered":"<p>Robuste Transporttasche aus 1680D-Ballistik-Nylon f\u00fcr quadratische Sockelplatte (563 x 563 mm) F\u00fcr GLS331B- und GLS431B-Sockelplatte 5 mm starke Polsterung Klarsichtfenster f\u00fcr Etiketten YKK Rei\u00dfverschluss<\/p>\n","protected":false},"featured_media":441,"comment_status":"closed","ping_status":"closed","template":"","meta":[],"product_brand":[],"product_cat":[108,30],"product_tag":[106,107],"class_list":{"0":"post-440","1":"product","2":"type-product","3":"status-publish","4":"has-post-thumbnail","6":"product_cat-tasche","7":"product_cat-addons","8":"product_tag-bodenplatte","9":"product_tag-transporttasche","11":"first","12":"instock","13":"sale","14":"taxable","15":"shipping-taxable","16":"purchasable","17":"product-type-simple"},"jetpack_sharing_enabled":true,"_links":{"self":[{"href":"https:\/\/audio-tools.at\/index.php\/wp-json\/wp\/v2\/product\/440","targetHints":{"allow":["GET"]}}],"collection":[{"href":"https:\/\/audio-tools.at\/index.php\/wp-json\/wp\/v2\/product"}],"about":[{"href":"https:\/\/audio-tools.at\/index.php\/wp-json\/wp\/v2\/types\/product"}],"replies":[{"embeddable":true,"href":"https:\/\/audio-tools.at\/index.php\/wp-json\/wp\/v2\/comments?post=440"}],"wp:featuredmedia":[{"embeddable":true,"href":"https:\/\/audio-tools.at\/index.php\/wp-json\/wp\/v2\/media\/441"}],"wp:attachment":[{"href":"https:\/\/audio-tools.at\/index.php\/wp-json\/wp\/v2\/media?parent=440"}],"wp:term":[{"taxonomy":"product_brand","embeddable":true,"href":"https:\/\/audio-tools.at\/index.php\/wp-json\/wp\/v2\/product_brand?post=440"},{"taxonomy":"product_cat","embeddable":true,"href":"https:\/\/audio-tools.at\/index.php\/wp-json\/wp\/v2\/product_cat?post=440"},{"taxonomy":"product_tag","embeddable":true,"href":"https:\/\/audio-tools.at\/index.php\/wp-json\/wp\/v2\/product_tag?post=440"}],"curies":[{"name":"wp","href":"https:\/\/api.w.org\/{rel}","templated":true}]}}