{"id":442,"date":"2020-09-20T13:52:10","date_gmt":"2020-09-20T13:52:10","guid":{"rendered":"https:\/\/audio-tools.at\/?post_type=product&#038;p=442"},"modified":"2020-09-20T13:52:10","modified_gmt":"2020-09-20T13:52:10","slug":"gravity-bg-dbls-331-transporttasche-fuer-distanzstangen","status":"publish","type":"product","link":"https:\/\/audio-tools.at\/index.php\/produkt\/gravity-bg-dbls-331-transporttasche-fuer-distanzstangen\/","title":{"rendered":"Gravity BG DBLS 331 Transporttasche f\u00fcr Distanzstangen"},"content":{"rendered":"<ul>\n<li>Robuste Transporttasche aus strapazierf\u00e4higem, wasserabweisendem 600D Nylon<\/li>\n<li>F\u00fcr die Distanzstangen von GLS331B und GLS431B<\/li>\n<li>10 mm starke Schaumstoffpolsterung<\/li>\n<li>Gepolsterte Trennwand<\/li>\n<li>Zwei Rei\u00dfverschl\u00fcsse mit gemeinsamer Zugschlaufe<\/li>\n<li>Tragriemen f\u00fcr gleichm\u00e4\u00dfige Gewichtsverteilung platziert<\/li>\n<li>Bequemer Klettgriff<\/li>\n<\/ul>\n","protected":false},"excerpt":{"rendered":"<p>Robuste Transporttasche aus strapazierf\u00e4higem, wasserabweisendem 600D Nylon F\u00fcr die Distanzstangen von GLS331B und GLS431B 10 mm starke Schaumstoffpolsterung Gepolsterte Trennwand Zwei Rei\u00dfverschl\u00fcsse mit gemeinsamer Zugschlaufe Tragriemen f\u00fcr gleichm\u00e4\u00dfige Gewichtsverteilung platziert Bequemer Klettgriff<\/p>\n","protected":false},"featured_media":443,"comment_status":"closed","ping_status":"closed","template":"","meta":[],"product_brand":[],"product_cat":[108,30],"product_tag":[110,109,107],"class_list":{"0":"post-442","1":"product","2":"type-product","3":"status-publish","4":"has-post-thumbnail","6":"product_cat-tasche","7":"product_cat-addons","8":"product_tag-distanzstange","9":"product_tag-tasche","10":"product_tag-transporttasche","12":"first","13":"instock","14":"sale","15":"taxable","16":"shipping-taxable","17":"purchasable","18":"product-type-simple"},"jetpack_sharing_enabled":true,"_links":{"self":[{"href":"https:\/\/audio-tools.at\/index.php\/wp-json\/wp\/v2\/product\/442","targetHints":{"allow":["GET"]}}],"collection":[{"href":"https:\/\/audio-tools.at\/index.php\/wp-json\/wp\/v2\/product"}],"about":[{"href":"https:\/\/audio-tools.at\/index.php\/wp-json\/wp\/v2\/types\/product"}],"replies":[{"embeddable":true,"href":"https:\/\/audio-tools.at\/index.php\/wp-json\/wp\/v2\/comments?post=442"}],"wp:featuredmedia":[{"embeddable":true,"href":"https:\/\/audio-tools.at\/index.php\/wp-json\/wp\/v2\/media\/443"}],"wp:attachment":[{"href":"https:\/\/audio-tools.at\/index.php\/wp-json\/wp\/v2\/media?parent=442"}],"wp:term":[{"taxonomy":"product_brand","embeddable":true,"href":"https:\/\/audio-tools.at\/index.php\/wp-json\/wp\/v2\/product_brand?post=442"},{"taxonomy":"product_cat","embeddable":true,"href":"https:\/\/audio-tools.at\/index.php\/wp-json\/wp\/v2\/product_cat?post=442"},{"taxonomy":"product_tag","embeddable":true,"href":"https:\/\/audio-tools.at\/index.php\/wp-json\/wp\/v2\/product_tag?post=442"}],"curies":[{"name":"wp","href":"https:\/\/api.w.org\/{rel}","templated":true}]}}