{"id":558,"date":"2020-10-03T16:56:51","date_gmt":"2020-10-03T16:56:51","guid":{"rendered":"https:\/\/audio-tools.at\/?post_type=product&#038;p=558"},"modified":"2020-12-01T00:01:24","modified_gmt":"2020-12-01T00:01:24","slug":"sennheiser-ew-100-g4-835-s-handfunk-set","status":"publish","type":"product","link":"https:\/\/audio-tools.at\/index.php\/produkt\/sennheiser-ew-100-g4-835-s-handfunk-set\/","title":{"rendered":"Sennheiser ew 100 G4 835 S Handfunk Set"},"content":{"rendered":"<p>Jetzt noch einfacher, flexibler und zuverl\u00e4ssiger: Die 100er-Serie ist aufgrund ihres einfachen Bedienkonzepts die erste Wahl f\u00fcr Sounddesigner und gelegentliche Benutzer &#8211; und weil das System keine Abstriche beim Live-Sound macht.<\/p>\n<ul class=\"feature_list\">\n<li>Entwickelt f\u00fcr professionellen Live-Sound: Robustes, drahtloses All-in-One-System f\u00fcr S\u00e4nger und Moderatoren<\/li>\n<li>Hochmoderner Live-Sound mit Sennheisers ber\u00fchmten e 835, e 845, e 865, e 935, e 945 Mikrofonkapseln auf einem leichten Aluminium-Handsender mit integriertem Mute-Taster<\/li>\n<li>True-Diversity Empf\u00e4nger in halber Rackbreite in einem Vollmetallgeh\u00e4use mit intuitivem LCD-Display<\/li>\n<li>Leichte und flexible drahtlose Synchronisation zwischen Sender und Empf\u00e4nger \u00fcber Infrarot<\/li>\n<li>Schnelle Frequenzzuweisung f\u00fcr bis zu 12 Empf\u00e4nger \u00fcber neue Link-Funktion<\/li>\n<li>Bis zu 20 kompatible Kan\u00e4le<\/li>\n<li>Bis zu 42 MHz Bandbreite mit 1680 w\u00e4hlbaren Frequenzen, voll abstimmbar im UHF-Bereich<\/li>\n<li>Reichweite: bis zu 100 Meter<\/li>\n<li>Hohe Sendeleistung (bis zu 30 mW)<\/li>\n<\/ul>\n","protected":false},"excerpt":{"rendered":"\n","protected":false},"featured_media":561,"comment_status":"closed","ping_status":"closed","template":"","meta":[],"product_brand":[],"product_cat":[191,31,192],"product_tag":[121,122,120],"class_list":{"0":"post-558","1":"product","2":"type-product","3":"status-publish","4":"has-post-thumbnail","6":"product_cat-funkmikrofon","7":"product_cat-micros","8":"product_cat-sennheiser","9":"product_tag-funkmikro","10":"product_tag-funkset","11":"product_tag-sennheiser","13":"first","14":"instock","15":"taxable","16":"shipping-taxable","17":"purchasable","18":"product-type-simple"},"jetpack_sharing_enabled":true,"_links":{"self":[{"href":"https:\/\/audio-tools.at\/index.php\/wp-json\/wp\/v2\/product\/558","targetHints":{"allow":["GET"]}}],"collection":[{"href":"https:\/\/audio-tools.at\/index.php\/wp-json\/wp\/v2\/product"}],"about":[{"href":"https:\/\/audio-tools.at\/index.php\/wp-json\/wp\/v2\/types\/product"}],"replies":[{"embeddable":true,"href":"https:\/\/audio-tools.at\/index.php\/wp-json\/wp\/v2\/comments?post=558"}],"wp:featuredmedia":[{"embeddable":true,"href":"https:\/\/audio-tools.at\/index.php\/wp-json\/wp\/v2\/media\/561"}],"wp:attachment":[{"href":"https:\/\/audio-tools.at\/index.php\/wp-json\/wp\/v2\/media?parent=558"}],"wp:term":[{"taxonomy":"product_brand","embeddable":true,"href":"https:\/\/audio-tools.at\/index.php\/wp-json\/wp\/v2\/product_brand?post=558"},{"taxonomy":"product_cat","embeddable":true,"href":"https:\/\/audio-tools.at\/index.php\/wp-json\/wp\/v2\/product_cat?post=558"},{"taxonomy":"product_tag","embeddable":true,"href":"https:\/\/audio-tools.at\/index.php\/wp-json\/wp\/v2\/product_tag?post=558"}],"curies":[{"name":"wp","href":"https:\/\/api.w.org\/{rel}","templated":true}]}}