{"id":571,"date":"2020-10-03T17:37:30","date_gmt":"2020-10-03T17:37:30","guid":{"rendered":"https:\/\/audio-tools.at\/?post_type=product&#038;p=571"},"modified":"2021-01-01T00:00:16","modified_gmt":"2021-01-01T00:00:16","slug":"sennheiser-ew-100-g4-me2-lavalier-funkset","status":"publish","type":"product","link":"https:\/\/audio-tools.at\/index.php\/produkt\/sennheiser-ew-100-g4-me2-lavalier-funkset\/","title":{"rendered":"Sennheiser ew 100 G4 ME2 Lavalier Funkset"},"content":{"rendered":"<p>Robustes All-in-One-Funksystem f\u00fcr Moderatoren und Moderatoren. Das Set besteht aus 1 drahtlosem SK 100 G4-Taschensender, 1 ME-II Lavelier, 1 EM 100 G4-Rackmount-Empf\u00e4nger, 1 Rackkit und 1 RJ10-Verbindungskabel.<br \/>\nEntwickelt f\u00fcr professionellen Live-Sound: Robustes, drahtloses All-in-One-System f\u00fcr Referenten und Moderatoren<\/p>\n<p>Robuster Taschensender und unauff\u00e4llig Ansteckmikrofon ME 2-II (Kugel-Charakteristik) oder ME 4 (Nieren-Charakteristik) mit hoher Sprachverst\u00e4ndlichkeit f\u00fcr den t\u00e4glichen Gebrauch auf der B\u00fchne<\/p>\n<p>True-Diversity Empf\u00e4nger in halber Rackbreite in einem Vollmetallgeh\u00e4use mit intuitivem LCD-Display<\/p>\n<p>Leichte und flexible drahtlose Synchronisation zwischen Sender und Empf\u00e4nger \u00fcber Infrarot<\/p>\n<p>Schnelle Frequenzzuweisung f\u00fcr bis zu 12 Empf\u00e4nger \u00fcber neue Link-Funktion<\/p>\n<p>Bis zu 20 kompatible Kan\u00e4le<\/p>\n<p>Bis zu 42 MHz Bandbreite mit 1680 w\u00e4hlbaren Frequenzen, voll abstimmbar im UHF-Bereich<\/p>\n<p>Reichweite: bis zu 100 Meter<\/p>\n<p>Hohe Sendeleistung (bis zu 30 mW)<\/p>\n","protected":false},"excerpt":{"rendered":"<p>Robustes All-in-One-Funksystem f\u00fcr Moderatoren und Moderatoren. Das Set besteht aus 1 drahtlosem SK 100 G4-Taschensender, 1 ME-II Lavelier, 1 EM 100 G4-Rackmount-Empf\u00e4nger, 1 Rackkit und 1 RJ10-Verbindungskabel. Entwickelt f\u00fcr professionellen Live-Sound: Robustes, drahtloses All-in-One-System f\u00fcr Referenten und Moderatoren Robuster Taschensender und unauff\u00e4llig Ansteckmikrofon ME 2-II (Kugel-Charakteristik) oder ME 4 (Nieren-Charakteristik) mit hoher Sprachverst\u00e4ndlichkeit f\u00fcr den [&hellip;]<\/p>\n","protected":false},"featured_media":572,"comment_status":"closed","ping_status":"closed","template":"","meta":[],"product_brand":[],"product_cat":[191,31,192],"product_tag":[126,122,125],"class_list":{"0":"post-571","1":"product","2":"type-product","3":"status-publish","4":"has-post-thumbnail","6":"product_cat-funkmikrofon","7":"product_cat-micros","8":"product_cat-sennheiser","9":"product_tag-ansteck-mikro","10":"product_tag-funkset","11":"product_tag-lavalier-mikro","13":"first","14":"instock","15":"taxable","16":"shipping-taxable","17":"purchasable","18":"product-type-simple"},"jetpack_sharing_enabled":true,"_links":{"self":[{"href":"https:\/\/audio-tools.at\/index.php\/wp-json\/wp\/v2\/product\/571","targetHints":{"allow":["GET"]}}],"collection":[{"href":"https:\/\/audio-tools.at\/index.php\/wp-json\/wp\/v2\/product"}],"about":[{"href":"https:\/\/audio-tools.at\/index.php\/wp-json\/wp\/v2\/types\/product"}],"replies":[{"embeddable":true,"href":"https:\/\/audio-tools.at\/index.php\/wp-json\/wp\/v2\/comments?post=571"}],"wp:featuredmedia":[{"embeddable":true,"href":"https:\/\/audio-tools.at\/index.php\/wp-json\/wp\/v2\/media\/572"}],"wp:attachment":[{"href":"https:\/\/audio-tools.at\/index.php\/wp-json\/wp\/v2\/media?parent=571"}],"wp:term":[{"taxonomy":"product_brand","embeddable":true,"href":"https:\/\/audio-tools.at\/index.php\/wp-json\/wp\/v2\/product_brand?post=571"},{"taxonomy":"product_cat","embeddable":true,"href":"https:\/\/audio-tools.at\/index.php\/wp-json\/wp\/v2\/product_cat?post=571"},{"taxonomy":"product_tag","embeddable":true,"href":"https:\/\/audio-tools.at\/index.php\/wp-json\/wp\/v2\/product_tag?post=571"}],"curies":[{"name":"wp","href":"https:\/\/api.w.org\/{rel}","templated":true}]}}