{"id":573,"date":"2020-10-03T17:39:58","date_gmt":"2020-10-03T17:39:58","guid":{"rendered":"https:\/\/audio-tools.at\/?post_type=product&#038;p=573"},"modified":"2021-01-01T00:00:16","modified_gmt":"2021-01-01T00:00:16","slug":"sennheiser-ew-100-g4-me-3-funk-headset","status":"publish","type":"product","link":"https:\/\/audio-tools.at\/index.php\/produkt\/sennheiser-ew-100-g4-me-3-funk-headset\/","title":{"rendered":"Sennheiser ew 100 G4 ME 3 Funk Headset"},"content":{"rendered":"<p>Robustes All-in-One-Funksystem f\u00fcr Moderatoren und S\u00e4nger. Das Set besteht aus 1 drahtlosem SK 100 G4-Taschensender, 1 ME 3-II-Kopfmikrofon, 1 EM 100 G4-Rackmout-Empf\u00e4nger, 1 Rackkit und 1 RJ10-Verbindungskabel.<br \/>\nEntwickelt f\u00fcr professionellen Live-Sound: Robustes, drahtloses All-in-One-System f\u00fcr S\u00e4nger und Moderatoren<\/p>\n<p>Robuster Taschensender und r\u00fcckkopplungssicheres Headset-Mikrofon ME 3-II mit hoher Sprachverst\u00e4ndlichkeit f\u00fcr den t\u00e4glichen Gebrauch auf der B\u00fchne<\/p>\n<p>True-Diversity Empf\u00e4nger in halber Rackbreite in einem Vollmetallgeh\u00e4use mit intuitivem LCD-Display<\/p>\n<p>Leichte und flexible drahtlose Synchronisation zwischen Sender und Empf\u00e4nger \u00fcber Infrarot<\/p>\n<p>Schnelle Frequenzzuweisung f\u00fcr bis zu 12 Empf\u00e4nger \u00fcber neue Link-Funktion<\/p>\n<p>Bis zu 20 kompatible Kan\u00e4le<\/p>\n<p>Bis zu 42 MHz Bandbreite mit 1680 w\u00e4hlbaren Frequenzen, voll abstimmbar im UHF-Bereich<\/p>\n<p>Reichweite: bis zu 100 Meter<\/p>\n<p>Hohe Sendeleistung (bis zu 30 mW)<\/p>\n","protected":false},"excerpt":{"rendered":"<p>Robustes All-in-One-Funksystem f\u00fcr Moderatoren und S\u00e4nger. Das Set besteht aus 1 drahtlosem SK 100 G4-Taschensender, 1 ME 3-II-Kopfmikrofon, 1 EM 100 G4-Rackmout-Empf\u00e4nger, 1 Rackkit und 1 RJ10-Verbindungskabel. Entwickelt f\u00fcr professionellen Live-Sound: Robustes, drahtloses All-in-One-System f\u00fcr S\u00e4nger und Moderatoren Robuster Taschensender und r\u00fcckkopplungssicheres Headset-Mikrofon ME 3-II mit hoher Sprachverst\u00e4ndlichkeit f\u00fcr den t\u00e4glichen Gebrauch auf der B\u00fchne [&hellip;]<\/p>\n","protected":false},"featured_media":574,"comment_status":"closed","ping_status":"closed","template":"","meta":[],"product_brand":[],"product_cat":[31],"product_tag":[122,127],"class_list":{"0":"post-573","1":"product","2":"type-product","3":"status-publish","4":"has-post-thumbnail","6":"product_cat-micros","7":"product_tag-funkset","8":"product_tag-headset","10":"first","11":"instock","12":"taxable","13":"shipping-taxable","14":"purchasable","15":"product-type-simple"},"jetpack_sharing_enabled":true,"_links":{"self":[{"href":"https:\/\/audio-tools.at\/index.php\/wp-json\/wp\/v2\/product\/573","targetHints":{"allow":["GET"]}}],"collection":[{"href":"https:\/\/audio-tools.at\/index.php\/wp-json\/wp\/v2\/product"}],"about":[{"href":"https:\/\/audio-tools.at\/index.php\/wp-json\/wp\/v2\/types\/product"}],"replies":[{"embeddable":true,"href":"https:\/\/audio-tools.at\/index.php\/wp-json\/wp\/v2\/comments?post=573"}],"wp:featuredmedia":[{"embeddable":true,"href":"https:\/\/audio-tools.at\/index.php\/wp-json\/wp\/v2\/media\/574"}],"wp:attachment":[{"href":"https:\/\/audio-tools.at\/index.php\/wp-json\/wp\/v2\/media?parent=573"}],"wp:term":[{"taxonomy":"product_brand","embeddable":true,"href":"https:\/\/audio-tools.at\/index.php\/wp-json\/wp\/v2\/product_brand?post=573"},{"taxonomy":"product_cat","embeddable":true,"href":"https:\/\/audio-tools.at\/index.php\/wp-json\/wp\/v2\/product_cat?post=573"},{"taxonomy":"product_tag","embeddable":true,"href":"https:\/\/audio-tools.at\/index.php\/wp-json\/wp\/v2\/product_tag?post=573"}],"curies":[{"name":"wp","href":"https:\/\/api.w.org\/{rel}","templated":true}]}}