{"id":578,"date":"2020-10-03T17:52:03","date_gmt":"2020-10-03T17:52:03","guid":{"rendered":"https:\/\/audio-tools.at\/?post_type=product&#038;p=578"},"modified":"2021-01-01T00:00:16","modified_gmt":"2021-01-01T00:00:16","slug":"sennheiser-ew-100-g4-me2-835s-lavalier-vocal-kombi-funkset","status":"publish","type":"product","link":"https:\/\/audio-tools.at\/index.php\/produkt\/sennheiser-ew-100-g4-me2-835s-lavalier-vocal-kombi-funkset\/","title":{"rendered":"Sennheiser ew 100 G4 ME2 \/ 835S Lavalier &#8211; Vocal &#8211; Kombi &#8211; Funkset"},"content":{"rendered":"<p>Robustes All-in-One-Kombisystem f\u00fcr S\u00e4nger, Moderatoren und Moderatoren. Das Set besteht aus 1 SKM 100 G4 1-S-Handheld mit Stummschaltung, 1 MMD 835-1-Kapsel (cardiod, dynamic), 1 SK 100 G4-Tasche, 1 ME-II Lavelier, 1 EM 100 G4-Rackmount-Empf\u00e4nger, 1 Rack-Kit 1 RJ10-Verbindungskabel und 1 Mikrofonclip.<br \/>\nEntwickelt f\u00fcr professionellen Live-Sound: Robustes, drahtloses All-in-One-System f\u00fcr S\u00e4nger, Referenten und Moderatoren<\/p>\n<p>Dynamisches Handmikrofon e 835, robuster Taschensender und unauff\u00e4lliges Ansteckmikrofon ME 2-II (Kugel-Charakteristik) mit hoher Sprachverst\u00e4ndlichkeit f\u00fcr den t\u00e4glichen Gebrauch auf der B\u00fchne<\/p>\n<p>True-Diversity Empf\u00e4nger in halber Rackbreite in einem Vollmetallgeh\u00e4use mit intuitivem LCD-Display<\/p>\n<p>Leichte und flexible drahtlose Synchronisation zwischen Sender und Empf\u00e4nger \u00fcber Infrarot<\/p>\n<p>Schnelle Frequenzzuweisung f\u00fcr bis zu 12 Empf\u00e4nger \u00fcber neue Link-Funktion<\/p>\n<p>Bis zu 20 kompatible Kan\u00e4le<\/p>\n<p>Bis zu 42 MHz Bandbreite mit 1680 w\u00e4hlbaren Frequenzen, voll abstimmbar im UHF-Bereich<\/p>\n<p>Reichweite: bis zu 100 Meter<\/p>\n<p>Hohe Sendeleistung (bis zu 30 mW)<\/p>\n","protected":false},"excerpt":{"rendered":"<p>Robustes All-in-One-Kombisystem f\u00fcr S\u00e4nger, Moderatoren und Moderatoren. Das Set besteht aus 1 SKM 100 G4 1-S-Handheld mit Stummschaltung, 1 MMD 835-1-Kapsel (cardiod, dynamic), 1 SK 100 G4-Tasche, 1 ME-II Lavelier, 1 EM 100 G4-Rackmount-Empf\u00e4nger, 1 Rack-Kit 1 RJ10-Verbindungskabel und 1 Mikrofonclip. Entwickelt f\u00fcr professionellen Live-Sound: Robustes, drahtloses All-in-One-System f\u00fcr S\u00e4nger, Referenten und Moderatoren Dynamisches Handmikrofon [&hellip;]<\/p>\n","protected":false},"featured_media":579,"comment_status":"closed","ping_status":"closed","template":"","meta":[],"product_brand":[],"product_cat":[191,31,192],"product_tag":[128,129,130],"class_list":{"0":"post-578","1":"product","2":"type-product","3":"status-publish","4":"has-post-thumbnail","6":"product_cat-funkmikrofon","7":"product_cat-micros","8":"product_cat-sennheiser","9":"product_tag-kombi-funkset","10":"product_tag-lavalier-funk","11":"product_tag-vocal-funk","13":"first","14":"instock","15":"taxable","16":"shipping-taxable","17":"purchasable","18":"product-type-simple"},"jetpack_sharing_enabled":true,"_links":{"self":[{"href":"https:\/\/audio-tools.at\/index.php\/wp-json\/wp\/v2\/product\/578","targetHints":{"allow":["GET"]}}],"collection":[{"href":"https:\/\/audio-tools.at\/index.php\/wp-json\/wp\/v2\/product"}],"about":[{"href":"https:\/\/audio-tools.at\/index.php\/wp-json\/wp\/v2\/types\/product"}],"replies":[{"embeddable":true,"href":"https:\/\/audio-tools.at\/index.php\/wp-json\/wp\/v2\/comments?post=578"}],"wp:featuredmedia":[{"embeddable":true,"href":"https:\/\/audio-tools.at\/index.php\/wp-json\/wp\/v2\/media\/579"}],"wp:attachment":[{"href":"https:\/\/audio-tools.at\/index.php\/wp-json\/wp\/v2\/media?parent=578"}],"wp:term":[{"taxonomy":"product_brand","embeddable":true,"href":"https:\/\/audio-tools.at\/index.php\/wp-json\/wp\/v2\/product_brand?post=578"},{"taxonomy":"product_cat","embeddable":true,"href":"https:\/\/audio-tools.at\/index.php\/wp-json\/wp\/v2\/product_cat?post=578"},{"taxonomy":"product_tag","embeddable":true,"href":"https:\/\/audio-tools.at\/index.php\/wp-json\/wp\/v2\/product_tag?post=578"}],"curies":[{"name":"wp","href":"https:\/\/api.w.org\/{rel}","templated":true}]}}