{"id":580,"date":"2020-10-03T17:56:14","date_gmt":"2020-10-03T17:56:14","guid":{"rendered":"https:\/\/audio-tools.at\/?post_type=product&#038;p=580"},"modified":"2021-01-01T00:00:16","modified_gmt":"2021-01-01T00:00:16","slug":"sennheiser-ew-112p-g4-lavalier-kamerafunkset","status":"publish","type":"product","link":"https:\/\/audio-tools.at\/index.php\/produkt\/sennheiser-ew-112p-g4-lavalier-kamerafunkset\/","title":{"rendered":"Sennheiser ew 112P G4 Lavalier Kamerafunkset"},"content":{"rendered":"<p>Robustes All-in-One-Funksystem mit hoher Flexibilit\u00e4t f\u00fcr Sound in Broadcast-Qualit\u00e4t. Das Set besteht aus 1 drahtlosem SK 100 G4-Taschensender, 1 Lavelier-Mikrofon ME 2-II, 1 tragbarem Empf\u00e4nger EK 100 G4, Ausgangskabeln und Kamerahalterung.<br \/>\nEine Soundl\u00f6sung in Broadcast-Qualit\u00e4t. Bietet h\u00f6chste Flexibilit\u00e4t f\u00fcr Ihre Au\u00dfenaufnahmen und Feldaufnahmen. Ein robustes Funkmikrofonsystem mit hervorragender Klangqualit\u00e4t, einfacher Montage und Benutzerfreundlichkeit.<\/p>\n<p>Robustes drahtloses All-in-One-System, flexibel einsetzbar f\u00fcr Audioaufnahmen in Broadcast-Qualit\u00e4t<\/p>\n<p>Ausgezeichnete Soundqualit\u00e4t, wiederstandsf\u00e4hige Geh\u00e4usekonstruktion<\/p>\n<p>Bedienungsfreundliche Men\u00fcsteuerung, schnelle Inbetriebnahme<\/p>\n<p>Leistungsstarke und zuverl\u00e4ssige Funk\u00fcbertragung<\/p>\n<p>Reichweite: bis zu 100 Meter<\/p>\n<p>Bis zu 8 Stunden Betriebszeit<\/p>\n","protected":false},"excerpt":{"rendered":"<p>Robustes All-in-One-Funksystem mit hoher Flexibilit\u00e4t f\u00fcr Sound in Broadcast-Qualit\u00e4t. Das Set besteht aus 1 drahtlosem SK 100 G4-Taschensender, 1 Lavelier-Mikrofon ME 2-II, 1 tragbarem Empf\u00e4nger EK 100 G4, Ausgangskabeln und Kamerahalterung. Eine Soundl\u00f6sung in Broadcast-Qualit\u00e4t. Bietet h\u00f6chste Flexibilit\u00e4t f\u00fcr Ihre Au\u00dfenaufnahmen und Feldaufnahmen. Ein robustes Funkmikrofonsystem mit hervorragender Klangqualit\u00e4t, einfacher Montage und Benutzerfreundlichkeit. Robustes drahtloses [&hellip;]<\/p>\n","protected":false},"featured_media":581,"comment_status":"closed","ping_status":"closed","template":"","meta":[],"product_brand":[],"product_cat":[191,31,192],"product_tag":[131,132],"class_list":{"0":"post-580","1":"product","2":"type-product","3":"status-publish","4":"has-post-thumbnail","6":"product_cat-funkmikrofon","7":"product_cat-micros","8":"product_cat-sennheiser","9":"product_tag-kamerafunk","10":"product_tag-lavalier-funkset","12":"first","13":"instock","14":"taxable","15":"shipping-taxable","16":"purchasable","17":"product-type-simple"},"jetpack_sharing_enabled":true,"_links":{"self":[{"href":"https:\/\/audio-tools.at\/index.php\/wp-json\/wp\/v2\/product\/580","targetHints":{"allow":["GET"]}}],"collection":[{"href":"https:\/\/audio-tools.at\/index.php\/wp-json\/wp\/v2\/product"}],"about":[{"href":"https:\/\/audio-tools.at\/index.php\/wp-json\/wp\/v2\/types\/product"}],"replies":[{"embeddable":true,"href":"https:\/\/audio-tools.at\/index.php\/wp-json\/wp\/v2\/comments?post=580"}],"wp:featuredmedia":[{"embeddable":true,"href":"https:\/\/audio-tools.at\/index.php\/wp-json\/wp\/v2\/media\/581"}],"wp:attachment":[{"href":"https:\/\/audio-tools.at\/index.php\/wp-json\/wp\/v2\/media?parent=580"}],"wp:term":[{"taxonomy":"product_brand","embeddable":true,"href":"https:\/\/audio-tools.at\/index.php\/wp-json\/wp\/v2\/product_brand?post=580"},{"taxonomy":"product_cat","embeddable":true,"href":"https:\/\/audio-tools.at\/index.php\/wp-json\/wp\/v2\/product_cat?post=580"},{"taxonomy":"product_tag","embeddable":true,"href":"https:\/\/audio-tools.at\/index.php\/wp-json\/wp\/v2\/product_tag?post=580"}],"curies":[{"name":"wp","href":"https:\/\/api.w.org\/{rel}","templated":true}]}}