{"id":585,"date":"2020-10-03T18:07:13","date_gmt":"2020-10-03T18:07:13","guid":{"rendered":"https:\/\/audio-tools.at\/?post_type=product&#038;p=585"},"modified":"2021-01-01T00:00:16","modified_gmt":"2021-01-01T00:00:16","slug":"sennheiser-ew-100-eng-g4-kamera-funkset","status":"publish","type":"product","link":"https:\/\/audio-tools.at\/index.php\/produkt\/sennheiser-ew-100-eng-g4-kamera-funkset\/","title":{"rendered":"Sennheiser ew 100 ENG G4 Kamera Funkset"},"content":{"rendered":"<p>Perfekter Broadcast-Klang dank h\u00f6chster Flexibilit\u00e4t beim Au\u00dfendreh und Field Recording. G4 ist ein robustes, drahtloses Mikrofonsystem f\u00fcr flexible Anbringung an allen Kameras und einfachste Handhabung. Mehrzweck-Set f\u00fcr Mobile Journalism und Dokumentationen.<br \/>\nDer leistungsstarke Aufstecksender SKP 100 verwandelt alle drahtgebundene Mikrofone in drahtlose Mikrofone, w\u00e4hrend das einfach benutzbare Ansteckmikrofon ME 2-II (Kugel-Charakteristik) ausgezeichnete Sprachverst\u00e4ndlichkeit w\u00e4hrend Interviews bietet.<\/p>\n<p>Robustes drahtloses All-in-One-System, flexibel einsetzbar f\u00fcr Audioaufnahmen in Broadcast-Qualit\u00e4t<\/p>\n<p>Ausgezeichnete Soundqualit\u00e4t, widerstandsf\u00e4hige Geh\u00e4usekonstruktion<\/p>\n<p>Bedienungsfreundliche Men\u00fcsteuerung, schnelle Inbetriebnahme<\/p>\n<p>Leistungsstarke und zuverl\u00e4ssige Funk\u00fcbertragung<\/p>\n<p>Reichweite: bis zu 100 Meter<\/p>\n<p>Bis zu 8 Stunden Betriebszeit<br \/>\nLieferumfang<br \/>\nEK 100 G4 Kameraempf\u00e4nger<br \/>\nSK 100 G4 Taschensender<br \/>\nSKP 100 G4 Aufstecksender<br \/>\nME 2 Ansteckmikrofon<br \/>\n6 AA Batterien<br \/>\nCA 2 Kameraadapter<br \/>\nCL 1 3,5-mm-Klinkenkabel<br \/>\nCL 100 XLR auf 3,5-mm-Klinkenkabel<\/p>\n","protected":false},"excerpt":{"rendered":"<p>Perfekter Broadcast-Klang dank h\u00f6chster Flexibilit\u00e4t beim Au\u00dfendreh und Field Recording. G4 ist ein robustes, drahtloses Mikrofonsystem f\u00fcr flexible Anbringung an allen Kameras und einfachste Handhabung. Mehrzweck-Set f\u00fcr Mobile Journalism und Dokumentationen. Der leistungsstarke Aufstecksender SKP 100 verwandelt alle drahtgebundene Mikrofone in drahtlose Mikrofone, w\u00e4hrend das einfach benutzbare Ansteckmikrofon ME 2-II (Kugel-Charakteristik) ausgezeichnete Sprachverst\u00e4ndlichkeit w\u00e4hrend Interviews [&hellip;]<\/p>\n","protected":false},"featured_media":586,"comment_status":"closed","ping_status":"closed","template":"","meta":[],"product_brand":[],"product_cat":[31],"product_tag":[122,135,131],"class_list":{"0":"post-585","1":"product","2":"type-product","3":"status-publish","4":"has-post-thumbnail","6":"product_cat-micros","7":"product_tag-funkset","8":"product_tag-kamera-kombifunk","9":"product_tag-kamerafunk","11":"first","12":"instock","13":"taxable","14":"shipping-taxable","15":"purchasable","16":"product-type-simple"},"jetpack_sharing_enabled":true,"_links":{"self":[{"href":"https:\/\/audio-tools.at\/index.php\/wp-json\/wp\/v2\/product\/585","targetHints":{"allow":["GET"]}}],"collection":[{"href":"https:\/\/audio-tools.at\/index.php\/wp-json\/wp\/v2\/product"}],"about":[{"href":"https:\/\/audio-tools.at\/index.php\/wp-json\/wp\/v2\/types\/product"}],"replies":[{"embeddable":true,"href":"https:\/\/audio-tools.at\/index.php\/wp-json\/wp\/v2\/comments?post=585"}],"wp:featuredmedia":[{"embeddable":true,"href":"https:\/\/audio-tools.at\/index.php\/wp-json\/wp\/v2\/media\/586"}],"wp:attachment":[{"href":"https:\/\/audio-tools.at\/index.php\/wp-json\/wp\/v2\/media?parent=585"}],"wp:term":[{"taxonomy":"product_brand","embeddable":true,"href":"https:\/\/audio-tools.at\/index.php\/wp-json\/wp\/v2\/product_brand?post=585"},{"taxonomy":"product_cat","embeddable":true,"href":"https:\/\/audio-tools.at\/index.php\/wp-json\/wp\/v2\/product_cat?post=585"},{"taxonomy":"product_tag","embeddable":true,"href":"https:\/\/audio-tools.at\/index.php\/wp-json\/wp\/v2\/product_tag?post=585"}],"curies":[{"name":"wp","href":"https:\/\/api.w.org\/{rel}","templated":true}]}}