{"id":587,"date":"2020-10-03T18:20:06","date_gmt":"2020-10-03T18:20:06","guid":{"rendered":"https:\/\/audio-tools.at\/?post_type=product&#038;p=587"},"modified":"2020-10-27T22:39:01","modified_gmt":"2020-10-27T22:39:01","slug":"sennheiser-memory-mic","status":"publish","type":"product","link":"https:\/\/audio-tools.at\/index.php\/produkt\/sennheiser-memory-mic\/","title":{"rendered":"Sennheiser Memory Mic"},"content":{"rendered":"<p>Die perfekte Smartphone Video-L\u00f6sung. Das drahtlose Memory Mic nimmt Video-Sound aus jeder Entfernung auf. Aufgrund des automatischen Video\/Audio-Sync sind sie nie au\u00dfer Reichweite \u2013 selbst wenn w\u00e4hrend der Aufnahme keine Bluetooth Verbindung m\u00f6glich ist. Memory Mic sorgt f\u00fcr bis 4 Stunden Video und synchronisiert sich automatisch mit Ihrer Kamera mithilfe der Memory Mic App (App Store oder Google Play).<br \/>\nGew\u00f6hnliche Smartphone-Mikrofone nehmen den Video-Sound nur dort auf, wo Sie sich aufhalten. Mit dem drahtlosen Memory Mic k\u00f6nnen Sie sich beim Videodrehen nun frei um die Sound-Quelle herum bewegen, ganz gleich wie weit Sie sich dabei vom Geschehen entfernen. Befestigen Sie das Mikrofon einfach an der Kleidung Ihrer Hauptakteure und \u00f6ffnen Sie die App: Die Aufzeichnung kann sofort beginnen. Memory Mic verbindet sich automatisch mit Ihrem Smartphone, dank stabiler Bluetooth-Verbindung.<\/p>\n<p>&#8222;One Touch&#8220;-Synchronisation von Audio und Video<\/p>\n<p>F\u00fcr Aufnahmen aus jeder Entfernung<\/p>\n<p>H\u00f6chste Klangqualit\u00e4t f\u00fcr Vlogs, Dokumentationen, Home Videos und DIY Musikvideos<\/p>\n<p>Sichere drahtlose Audio-\u00dcbertragung, keine Ausf\u00e4lle<\/p>\n<p>Bis zu 4 Stunden Aufnahmezeit<\/p>\n<p>Leicht zu bedienender Magnet-Clip<\/p>\n<p>USB Ladeanschluss<\/p>\n<p>Kompaktes, leichtes Geh\u00e4use<\/p>\n<p>Kostenlose Memory Mic Video und Audio Recording App via App Store oder Google Play<\/p>\n","protected":false},"excerpt":{"rendered":"\n","protected":false},"featured_media":588,"comment_status":"closed","ping_status":"closed","template":"","meta":[],"product_brand":[],"product_cat":[31,71,192],"product_tag":[136,137],"class_list":{"0":"post-587","1":"product","2":"type-product","3":"status-publish","4":"has-post-thumbnail","6":"product_cat-micros","7":"product_cat-home-office","8":"product_cat-sennheiser","9":"product_tag-aufnahme-mikro","10":"product_tag-memory-mic","12":"first","13":"instock","14":"taxable","15":"shipping-taxable","16":"purchasable","17":"product-type-simple"},"jetpack_sharing_enabled":true,"_links":{"self":[{"href":"https:\/\/audio-tools.at\/index.php\/wp-json\/wp\/v2\/product\/587","targetHints":{"allow":["GET"]}}],"collection":[{"href":"https:\/\/audio-tools.at\/index.php\/wp-json\/wp\/v2\/product"}],"about":[{"href":"https:\/\/audio-tools.at\/index.php\/wp-json\/wp\/v2\/types\/product"}],"replies":[{"embeddable":true,"href":"https:\/\/audio-tools.at\/index.php\/wp-json\/wp\/v2\/comments?post=587"}],"wp:featuredmedia":[{"embeddable":true,"href":"https:\/\/audio-tools.at\/index.php\/wp-json\/wp\/v2\/media\/588"}],"wp:attachment":[{"href":"https:\/\/audio-tools.at\/index.php\/wp-json\/wp\/v2\/media?parent=587"}],"wp:term":[{"taxonomy":"product_brand","embeddable":true,"href":"https:\/\/audio-tools.at\/index.php\/wp-json\/wp\/v2\/product_brand?post=587"},{"taxonomy":"product_cat","embeddable":true,"href":"https:\/\/audio-tools.at\/index.php\/wp-json\/wp\/v2\/product_cat?post=587"},{"taxonomy":"product_tag","embeddable":true,"href":"https:\/\/audio-tools.at\/index.php\/wp-json\/wp\/v2\/product_tag?post=587"}],"curies":[{"name":"wp","href":"https:\/\/api.w.org\/{rel}","templated":true}]}}