{"id":589,"date":"2020-10-04T09:57:32","date_gmt":"2020-10-04T09:57:32","guid":{"rendered":"https:\/\/audio-tools.at\/?post_type=product&#038;p=589"},"modified":"2020-10-04T09:57:32","modified_gmt":"2020-10-04T09:57:32","slug":"audio-technica-ath-m50x-kopfhoerer","status":"publish","type":"product","link":"https:\/\/audio-tools.at\/index.php\/produkt\/audio-technica-ath-m50x-kopfhoerer\/","title":{"rendered":"Audio Technica ATH M50x Kopfh\u00f6rer"},"content":{"rendered":"<p>Studio Kopfh\u00f6rer<br \/>\ngeschlossen<br \/>\nohrumschlie\u00dfend<br \/>\ndynamisch<br \/>\num 90 Grad schwenkbare Ohrmuscheln<br \/>\n\u00dcbertragungsbereich: 15 &#8211; 28000 Hz<br \/>\nmax. Eingangsleistung: 1600 mW bei 1 kHz<br \/>\nImpedanz: 38 Ohm<br \/>\nSchalldruckpegel: 99 dB<br \/>\nabnehmbare Kabel<br \/>\nGewicht mit Kabel: 341 g<br \/>\nGewicht ohne Kabel: 287 g<br \/>\nFarbe: Schwarz<\/p>\n","protected":false},"excerpt":{"rendered":"<p>Studio Kopfh\u00f6rer geschlossen ohrumschlie\u00dfend dynamisch um 90 Grad schwenkbare Ohrmuscheln \u00dcbertragungsbereich: 15 &#8211; 28000 Hz max. Eingangsleistung: 1600 mW bei 1 kHz Impedanz: 38 Ohm Schalldruckpegel: 99 dB abnehmbare Kabel Gewicht mit Kabel: 341 g Gewicht ohne Kabel: 287 g Farbe: Schwarz<\/p>\n","protected":false},"featured_media":590,"comment_status":"closed","ping_status":"closed","template":"","meta":[],"product_brand":[],"product_cat":[19],"product_tag":[97,98],"class_list":{"0":"post-589","1":"product","2":"type-product","3":"status-publish","4":"has-post-thumbnail","6":"product_cat-headphone","7":"product_tag-kopfhoerer","8":"product_tag-studio-kopfhoerer","10":"first","11":"instock","12":"sale","13":"taxable","14":"shipping-taxable","15":"purchasable","16":"product-type-simple"},"jetpack_sharing_enabled":true,"_links":{"self":[{"href":"https:\/\/audio-tools.at\/index.php\/wp-json\/wp\/v2\/product\/589","targetHints":{"allow":["GET"]}}],"collection":[{"href":"https:\/\/audio-tools.at\/index.php\/wp-json\/wp\/v2\/product"}],"about":[{"href":"https:\/\/audio-tools.at\/index.php\/wp-json\/wp\/v2\/types\/product"}],"replies":[{"embeddable":true,"href":"https:\/\/audio-tools.at\/index.php\/wp-json\/wp\/v2\/comments?post=589"}],"wp:featuredmedia":[{"embeddable":true,"href":"https:\/\/audio-tools.at\/index.php\/wp-json\/wp\/v2\/media\/590"}],"wp:attachment":[{"href":"https:\/\/audio-tools.at\/index.php\/wp-json\/wp\/v2\/media?parent=589"}],"wp:term":[{"taxonomy":"product_brand","embeddable":true,"href":"https:\/\/audio-tools.at\/index.php\/wp-json\/wp\/v2\/product_brand?post=589"},{"taxonomy":"product_cat","embeddable":true,"href":"https:\/\/audio-tools.at\/index.php\/wp-json\/wp\/v2\/product_cat?post=589"},{"taxonomy":"product_tag","embeddable":true,"href":"https:\/\/audio-tools.at\/index.php\/wp-json\/wp\/v2\/product_tag?post=589"}],"curies":[{"name":"wp","href":"https:\/\/api.w.org\/{rel}","templated":true}]}}