{"id":680,"date":"2020-10-25T15:17:58","date_gmt":"2020-10-25T15:17:58","guid":{"rendered":"https:\/\/audio-tools.at\/?post_type=product&#038;p=680"},"modified":"2026-03-03T19:42:48","modified_gmt":"2026-03-03T19:42:48","slug":"vicoustic-cinema-round-premium-akustik-absorber","status":"publish","type":"product","link":"https:\/\/audio-tools.at\/index.php\/produkt\/vicoustic-cinema-round-premium-akustik-absorber\/","title":{"rendered":"Vicoustic Cinema Round Premium Akustik Absorber"},"content":{"rendered":"<p>Cinema Round Premium-Panels bieten flexible und elegante L\u00f6sungen f\u00fcr die Beschallungssteuerung bei einer Vielzahl von Anwendungen. Durch die Kombination von modernem Design mit maximaler akustischer Effizienz wird das stoffbespannte Cinema Round Premium-Paneel h\u00e4ufig zur Kontrolle von Schallreflexionen und \u00fcbersch\u00fcssigem Nachhall verwendet, wodurch Sie die Leistung Ihres H\u00f6rraumes maximieren k\u00f6nnen.<br \/>\nCinema Round Premium verf\u00fcgt \u00fcber eine Breitbandleistung, die von mitteltiefen bis zu hohen Frequenzen reicht. Es hat sich als eines der stabilsten Paneele mit einem sehr hohen und linearen Absorptionskoeffizienten erwiesen.<\/p>\n<ul class=\"product-specs\">\n<li>\n<ul class=\"spec-list\">\n<li>\n<p class=\"small\">Dimensions: 595x595x75<\/p>\n<\/li>\n<li>\n<p class=\"small\">Scratch Resistance: No<\/p>\n<\/li>\n<li>\n<p class=\"small\">Washable: No<\/p>\n<\/li>\n<\/ul>\n<\/li>\n<li>\n<p class=\"spec-title small\">Performance<\/p>\n<ul class=\"spec-list\">\n<li>\n<p class=\"small\">Functionality: Absorption<\/p>\n<\/li>\n<li>\n<p class=\"small\">Absorption Frequency Range: Medium and High Frequencies<\/p>\n<\/li>\n<li>\n<p class=\"small\">NRC: 0.95<\/p>\n<\/li>\n<\/ul>\n<\/li>\n<li>\n<p class=\"spec-title small\">Fire Rate<\/p>\n<ul class=\"spec-list\">\n<li>\n<p class=\"small\">Europe: Euroclass F<\/p>\n<\/li>\n<\/ul>\n<\/li>\n<li>\n<p class=\"spec-title small\">Packaging Information<\/p>\n<ul class=\"spec-list\">\n<li>\n<p class=\"small\">Units\/Box: 8<\/p>\n<\/li>\n<li>\n<p class=\"small\">Box Dimensions: 630 x 630 x 620mm<\/p>\n<\/li>\n<li>\n<p class=\"small\">Box Gross Weight: 10.4kg<\/p>\n<\/li>\n<\/ul>\n<\/li>\n<li>\n<p class=\"spec-title small\">Installation<\/p>\n<ul class=\"spec-list\">\n<li>\n<p class=\"small\">Accessories: Flexi Glue Ultra, VicFix Base<\/p>\n<\/li>\n<\/ul>\n<\/li>\n<\/ul>\n","protected":false},"excerpt":{"rendered":"<figure id=\"attachment_696\" aria-describedby=\"caption-attachment-696\" style=\"width: 300px\" class=\"wp-caption alignnone\"><img fetchpriority=\"high\" decoding=\"async\" class=\"size-medium wp-image-696\" src=\"https:\/\/audio-tools.at\/wp-content\/uploads\/2020\/10\/CinemaRoundPremium-300x300.jpg\" alt=\"Absorber\" width=\"300\" height=\"300\" srcset=\"https:\/\/audio-tools.at\/wp-content\/uploads\/2020\/10\/CinemaRoundPremium-300x300.jpg 300w, https:\/\/audio-tools.at\/wp-content\/uploads\/2020\/10\/CinemaRoundPremium-100x100.jpg 100w, https:\/\/audio-tools.at\/wp-content\/uploads\/2020\/10\/CinemaRoundPremium-150x150.jpg 150w\" sizes=\"(max-width: 300px) 100vw, 300px\" \/><figcaption id=\"caption-attachment-696\" class=\"wp-caption-text\">Cinema Round Absorber Spektrum<\/figcaption><\/figure>\n","protected":false},"featured_media":681,"comment_status":"closed","ping_status":"closed","template":"","meta":[],"product_brand":[],"product_cat":[28],"product_tag":[],"class_list":{"0":"post-680","1":"product","2":"type-product","3":"status-publish","4":"has-post-thumbnail","6":"product_cat-absorber","8":"first","9":"instock","10":"taxable","11":"shipping-taxable","12":"purchasable","13":"product-type-simple"},"jetpack_sharing_enabled":true,"_links":{"self":[{"href":"https:\/\/audio-tools.at\/index.php\/wp-json\/wp\/v2\/product\/680","targetHints":{"allow":["GET"]}}],"collection":[{"href":"https:\/\/audio-tools.at\/index.php\/wp-json\/wp\/v2\/product"}],"about":[{"href":"https:\/\/audio-tools.at\/index.php\/wp-json\/wp\/v2\/types\/product"}],"replies":[{"embeddable":true,"href":"https:\/\/audio-tools.at\/index.php\/wp-json\/wp\/v2\/comments?post=680"}],"wp:featuredmedia":[{"embeddable":true,"href":"https:\/\/audio-tools.at\/index.php\/wp-json\/wp\/v2\/media\/681"}],"wp:attachment":[{"href":"https:\/\/audio-tools.at\/index.php\/wp-json\/wp\/v2\/media?parent=680"}],"wp:term":[{"taxonomy":"product_brand","embeddable":true,"href":"https:\/\/audio-tools.at\/index.php\/wp-json\/wp\/v2\/product_brand?post=680"},{"taxonomy":"product_cat","embeddable":true,"href":"https:\/\/audio-tools.at\/index.php\/wp-json\/wp\/v2\/product_cat?post=680"},{"taxonomy":"product_tag","embeddable":true,"href":"https:\/\/audio-tools.at\/index.php\/wp-json\/wp\/v2\/product_tag?post=680"}],"curies":[{"name":"wp","href":"https:\/\/api.w.org\/{rel}","templated":true}]}}