{"id":698,"date":"2020-10-25T15:32:04","date_gmt":"2020-10-25T15:32:04","guid":{"rendered":"https:\/\/audio-tools.at\/?post_type=product&#038;p=698"},"modified":"2026-03-03T19:47:18","modified_gmt":"2026-03-03T19:47:18","slug":"vicoustic-flexi-screen-lite-mobiler-akustik-schirm","status":"publish","type":"product","link":"https:\/\/audio-tools.at\/index.php\/produkt\/vicoustic-flexi-screen-lite-mobiler-akustik-schirm\/","title":{"rendered":"Vicoustic Flexi Screen Lite Mobiler Akustik-Schirm"},"content":{"rendered":"<div>\n<p>Das Flexi Screen Lite hat ein optimiertes Design, das mit seiner ausgepr\u00e4gte Kr\u00fcmmung das Mikrophon perfekt umgibt und bei der Aufnahme unerw\u00fcnschte Umgebungsger\u00e4usche vermindert. Die akustische Schaumstruktur des Flexi Screen Lite hat eine optimale Dichte und Dicke, wobei eine Reihe von Hohlr\u00e4umen verwendet wird, um den Absorptionseffekt zu verbessern.<\/p>\n<\/div>\n<div>\n<p>Das Flexi Screen Lite ist f\u00fcr die Verwendung mit einer Vielzahl von Mikrofonen geeignet und kann vertikal oder horizontal eingestellt. Die Einheit kann in weniger als 15 Sekunden montiert werden, und ist damit ideal f\u00fcr standortbasierte Aufnahmeorte, Designstudios und Klassenr\u00e4ume.<\/p>\n<\/div>\n","protected":false},"excerpt":{"rendered":"<p>Das Flexi Screen Lite hat ein optimiertes Design, das mit seiner ausgepr\u00e4gte Kr\u00fcmmung das Mikrophon perfekt umgibt und bei der Aufnahme unerw\u00fcnschte Umgebungsger\u00e4usche vermindert. Die akustische Schaumstruktur des Flexi Screen Lite hat eine optimale Dichte und Dicke, wobei eine Reihe von Hohlr\u00e4umen verwendet wird, um den Absorptionseffekt zu verbessern. Das Flexi Screen Lite ist f\u00fcr [&hellip;]<\/p>\n","protected":false},"featured_media":699,"comment_status":"closed","ping_status":"closed","template":"","meta":[],"product_brand":[],"product_cat":[28],"product_tag":[148],"class_list":{"0":"post-698","1":"product","2":"type-product","3":"status-publish","4":"has-post-thumbnail","6":"product_cat-absorber","7":"product_tag-akustik-schirm","9":"first","10":"instock","11":"sale","12":"taxable","13":"shipping-taxable","14":"purchasable","15":"product-type-simple"},"jetpack_sharing_enabled":true,"_links":{"self":[{"href":"https:\/\/audio-tools.at\/index.php\/wp-json\/wp\/v2\/product\/698","targetHints":{"allow":["GET"]}}],"collection":[{"href":"https:\/\/audio-tools.at\/index.php\/wp-json\/wp\/v2\/product"}],"about":[{"href":"https:\/\/audio-tools.at\/index.php\/wp-json\/wp\/v2\/types\/product"}],"replies":[{"embeddable":true,"href":"https:\/\/audio-tools.at\/index.php\/wp-json\/wp\/v2\/comments?post=698"}],"wp:featuredmedia":[{"embeddable":true,"href":"https:\/\/audio-tools.at\/index.php\/wp-json\/wp\/v2\/media\/699"}],"wp:attachment":[{"href":"https:\/\/audio-tools.at\/index.php\/wp-json\/wp\/v2\/media?parent=698"}],"wp:term":[{"taxonomy":"product_brand","embeddable":true,"href":"https:\/\/audio-tools.at\/index.php\/wp-json\/wp\/v2\/product_brand?post=698"},{"taxonomy":"product_cat","embeddable":true,"href":"https:\/\/audio-tools.at\/index.php\/wp-json\/wp\/v2\/product_cat?post=698"},{"taxonomy":"product_tag","embeddable":true,"href":"https:\/\/audio-tools.at\/index.php\/wp-json\/wp\/v2\/product_tag?post=698"}],"curies":[{"name":"wp","href":"https:\/\/api.w.org\/{rel}","templated":true}]}}