{"id":714,"date":"2020-10-26T11:11:51","date_gmt":"2020-10-26T11:11:51","guid":{"rendered":"https:\/\/audio-tools.at\/?post_type=product&#038;p=714"},"modified":"2023-06-06T06:22:00","modified_gmt":"2023-06-06T06:22:00","slug":"qsc-ad-s10t-lautsprecher-passiv-wetterfest","status":"publish","type":"product","link":"https:\/\/audio-tools.at\/index.php\/produkt\/qsc-ad-s10t-lautsprecher-passiv-wetterfest\/","title":{"rendered":"QSC AD S10T Lautsprecher Passiv Wetterfest"},"content":{"rendered":"<ul>\n<li>Wetterbest\u00e4ndiger 10-Zoll-Tieft\u00f6ner, 1,4-Zoll-Kompressionstreiber<\/li>\n<li>Abstrahlwinkel 90\u00b0\u00a0konisch DMT<\/li>\n<li>100 Watt, verlustarmer 70-\/100-V-\u00dcbertrager mit niedriger S\u00e4ttigung und 8-Ohm-Bypass<\/li>\n<li>Maximaler Schalldruckpegel 122 dB (8-Ohm-Bypass)<\/li>\n<li>DMT (Directivity Matched Transition\u2122) gew\u00e4hrleistet einen glatten, ausgewogenen Frequenzgang im gesamten Abdeckungsbereich<\/li>\n<li>Lautsprecher l\u00e4sst sich mit X-Mount\u2122 leicht mit einer Vielzahl von Winkelpositionen installieren, ohne dass ein allm\u00e4hliches Verrutschen der Position zu bef\u00fcrchten ist.Weitere Installationsm\u00f6glichkeiten mit Hilfe des als Zubeh\u00f6r erh\u00e4ltlichen Montageb\u00fcgels und M10 Kit-C.<\/li>\n<li>Fortschrittliche Klangabstimmung durch Intrinsic Correction\u2122 \u00fcber die Q-SYS\u2122 AV-Plattform und CXD-Endstufen verf\u00fcgbar.<\/li>\n<li>Leichte ABS-Geh\u00e4use gew\u00e4hrleisten langfristige Haltbarkeit und eine dauerhaft gute Optik<\/li>\n<li>Wasserdichte Anschluss-Schutzkappe und pulverbeschichtete Aluminiumgitter f\u00fcr erh\u00f6hte Wetterfestigkeit<\/li>\n<li>Erf\u00fcllt die Anforderungen f\u00fcr Staub- und Spritzwasserfestigkeit der Schutzklasse IP-54 nach IEC 60529<\/li>\n<li>Erh\u00e4ltlich in schwarz (RAL 9011) oder wei\u00df (RAL 9010)<\/li>\n<\/ul>\n<table class=\"striped\" cellspacing=\"0\" cellpadding=\"0\">\n<thead>\n<tr>\n<td>System Details<\/td>\n<td>AD-S10T<\/td>\n<\/tr>\n<\/thead>\n<tbody>\n<tr>\n<td>Effective frequency range<sup>1<\/sup><\/td>\n<td>50 Hz &#8211; 19 kHz<\/td>\n<\/tr>\n<tr>\n<td>Rated noise power \/ voltage<sup>2<\/sup><\/td>\n<td>250 watts \/ 45 volts (rms)<\/td>\n<\/tr>\n<tr>\n<td>Broadband sensitivity<sup>3<\/sup><\/td>\n<td>92 dB SPL<\/td>\n<\/tr>\n<tr>\n<td>Coverage angle (-6 dB)<\/td>\n<td>90\u00b0 conical DMT<\/td>\n<\/tr>\n<tr>\n<td>Directivity factor (Q)<\/td>\n<td>10<\/td>\n<\/tr>\n<tr>\n<td>Directivity Index<\/td>\n<td>10 dB<\/td>\n<\/tr>\n<tr>\n<td>Maximum continuous SPL<sup>4<\/sup><\/td>\n<td>116 dB<\/td>\n<\/tr>\n<tr>\n<td>Maximum peak SPL<sup>4<\/sup><\/td>\n<td>122 dB<\/td>\n<\/tr>\n<tr>\n<td>Rated impedance<\/td>\n<td class=\"align-left\">8 ohms<\/td>\n<\/tr>\n<tr>\n<td>Recommended amplifier power<br \/>\n(loudspeaker &#8222;program&#8220; power)<\/td>\n<td>500 watts<\/td>\n<\/tr>\n<tr>\n<td>Transformer taps<\/td>\n<td>70 V: 100, 50, 25, 12.5 W and 8\u03a9 bypass<\/p>\n<p>100V: 100, 50, 25 W and 8\u03a9 bypass<\/td>\n<\/tr>\n<tr>\n<td>HF transducer<\/td>\n<td class=\"align-left\">1-inch\u00a0exit \/ 1.4-inch\u00a0voice coil compression driver<\/td>\n<\/tr>\n<tr>\n<td>LF transducer<\/td>\n<td>10-inch\u00a0weather resistant paper cone woofer<\/p>\n<p>2.5-inch\u00a0\/ 64 mm voice coil<\/td>\n<\/tr>\n<tr>\n<td>Input connector type<\/td>\n<td class=\"align-left\">Euroblock connector with parallel output terminals<\/td>\n<\/tr>\n<tr>\n<td>Enclosure material<\/td>\n<td class=\"align-left\">\u00a0Painted ABS polymer<\/td>\n<\/tr>\n<tr>\n<td>Grille material<\/td>\n<td class=\"align-left\">\u00a0Powder coated aluminum<\/td>\n<\/tr>\n<tr>\n<td>X-Mount material<\/td>\n<td class=\"align-left\">\u00a0Powder coated aluminum<\/td>\n<\/tr>\n<tr>\n<td colspan=\"2\"><strong>Enclosure Details<\/strong><\/td>\n<\/tr>\n<tr>\n<td>Ingress protection<\/td>\n<td class=\"align-left\">\u00a0IP-54<\/td>\n<\/tr>\n<tr>\n<td>Operating environment<\/td>\n<td class=\"align-left\">Designed for indoor and outdoor use<\/td>\n<\/tr>\n<tr>\n<td>Testing<\/td>\n<td class=\"align-left\">The AD Series loudspeakers qualified for outdoor use using the following tests:<\/p>\n<ul>\n<li>Salt fog: MIL-STD-810G Method 509.5 for 100 hrs.<\/li>\n<li>Humidity: MIL-STD-810G Method 507.5, Natural cycle B2, cyclic high RH for 7 days<\/li>\n<li>High and low temperature: tested to QSC internal standards between -20\u00b0 and 50\u00b0 C<\/li>\n<\/ul>\n<\/td>\n<\/tr>\n<tr>\n<td>Net weight<\/td>\n<td>31 lb \/ 15 kg<\/td>\n<\/tr>\n<tr>\n<td>Product dimensions<br \/>\n(HWD) inches<\/td>\n<td>20.3 \u00d7 12.5 \u00d7 11.7<\/td>\n<\/tr>\n<tr>\n<td>Product dimensions<br \/>\n(HWD) mm<\/td>\n<td>516 \u00d7 318 \u00d7 298<\/td>\n<\/tr>\n<\/tbody>\n<\/table>\n","protected":false},"excerpt":{"rendered":"\n","protected":false},"featured_media":712,"comment_status":"closed","ping_status":"closed","template":"","meta":[],"product_brand":[],"product_cat":[22,179],"product_tag":[157,156,158],"class_list":{"0":"post-714","1":"product","2":"type-product","3":"status-publish","4":"has-post-thumbnail","6":"product_cat-speaker","7":"product_cat-speaker-outdoor","8":"product_tag-lautsprecher-wetterfest","9":"product_tag-outdoor-speaker","10":"product_tag-qsc-ad-s","12":"first","13":"instock","14":"taxable","15":"shipping-taxable","16":"purchasable","17":"product-type-simple"},"jetpack_sharing_enabled":true,"_links":{"self":[{"href":"https:\/\/audio-tools.at\/index.php\/wp-json\/wp\/v2\/product\/714","targetHints":{"allow":["GET"]}}],"collection":[{"href":"https:\/\/audio-tools.at\/index.php\/wp-json\/wp\/v2\/product"}],"about":[{"href":"https:\/\/audio-tools.at\/index.php\/wp-json\/wp\/v2\/types\/product"}],"replies":[{"embeddable":true,"href":"https:\/\/audio-tools.at\/index.php\/wp-json\/wp\/v2\/comments?post=714"}],"wp:featuredmedia":[{"embeddable":true,"href":"https:\/\/audio-tools.at\/index.php\/wp-json\/wp\/v2\/media\/712"}],"wp:attachment":[{"href":"https:\/\/audio-tools.at\/index.php\/wp-json\/wp\/v2\/media?parent=714"}],"wp:term":[{"taxonomy":"product_brand","embeddable":true,"href":"https:\/\/audio-tools.at\/index.php\/wp-json\/wp\/v2\/product_brand?post=714"},{"taxonomy":"product_cat","embeddable":true,"href":"https:\/\/audio-tools.at\/index.php\/wp-json\/wp\/v2\/product_cat?post=714"},{"taxonomy":"product_tag","embeddable":true,"href":"https:\/\/audio-tools.at\/index.php\/wp-json\/wp\/v2\/product_tag?post=714"}],"curies":[{"name":"wp","href":"https:\/\/api.w.org\/{rel}","templated":true}]}}