{"id":728,"date":"2020-10-26T13:03:30","date_gmt":"2020-10-26T13:03:30","guid":{"rendered":"https:\/\/audio-tools.at\/?post_type=product&#038;p=728"},"modified":"2021-03-31T14:10:15","modified_gmt":"2021-03-31T14:10:15","slug":"qsc-cmx-2000-va-endstufe","status":"publish","type":"product","link":"https:\/\/audio-tools.at\/index.php\/produkt\/qsc-cmx-2000-va-endstufe\/","title":{"rendered":"QSC CMX 2000 Va Endstufe"},"content":{"rendered":"<div id=\"c83015\" class=\"csc-typography\">\n<ul>\n<li>Dank \u201eFlex-Use\u201c verarbeiten die Endstufen der Serie CMX auch niederohmige Lasten (bis zu 2 Ohm). Bestimmte Modelle k\u00f6nnen zur direkten Ansteuerung (kein Ausgangs\u00fcbertrager) von verteilten 70V- und 100V-Lautsprechersystemen verwendet werden.<\/li>\n<li>F\u00fcr den \u201eFlex-Use\u201c-Betrieb stehen als Eing\u00e4nge symmetrische Schraubklemmen, XLR und 6,3 mm-Klinkenbuchsen (TRS) zur Verf\u00fcgung.<\/li>\n<li>Als Ausg\u00e4nge stehen f\u00fcr \u201eFlex-Use\u201c NL4 Speakon\u2122-Anschl\u00fcsse und abnehmbare Klemmbl\u00f6cke zur Verf\u00fcgung.<\/li>\n<li>Durch geringe Geh\u00e4usetiefe (weniger als 40,6 cm \/ 16 Zoll) f\u00fcr Rackmontage geeignet<\/li>\n<li>Versenkte Gain-Rastpotentiometer mit 1-dB-Schritten f\u00fcr schnelle, genaue und reproduzierbare Einstellungen<\/li>\n<li>Manipulationsschutz durch Sicherheitsabdeckung f\u00fcr Gain-Regler<\/li>\n<li>Versenkte DIP-Schalter auf der R\u00fcckseite zur einfachen Konfiguration der Betriebsart (Stereo, Parallel oder Bridged) und zum An- oder Abschalten des Hochpassfilters<\/li>\n<li>Ger\u00e4uscharme L\u00fcfter mit variabler Drehzahl bewegen die Luft von vorne nach hinten und halten Endstufen und Racks k\u00fchl.<\/li>\n<\/ul>\n<\/div>\n<div id=\"c83014\" class=\"csc-typography\">\n<div class=\"container-table-well\">\n<div class=\"container-table\" data-pane=\"\">\n<table class=\"striped\" cellspacing=\"0\" cellpadding=\"0\">\n<thead>\n<tr>\n<td><\/td>\n<td><a href=\"https:\/\/www.qsc.com\/de\/systems\/produkte\/endstufen\/endstufen-fuer-die-festinstallation\/cmxa-serie\/cmx300va\/\" target=\"_blank\" rel=\"noopener\">CMX300Va<\/a><\/td>\n<td><a href=\"https:\/\/www.qsc.com\/de\/systems\/produkte\/endstufen\/endstufen-fuer-die-festinstallation\/cmxa-serie\/cmx500va\/\" target=\"_blank\" rel=\"noopener\">CMX500Va<\/a><\/td>\n<td><a href=\"https:\/\/www.qsc.com\/de\/systems\/produkte\/endstufen\/endstufen-fuer-die-festinstallation\/cmxa-serie\/cmx800va\/\" target=\"_blank\" rel=\"noopener\">CMX800Va<\/a><\/td>\n<td><a href=\"https:\/\/www.qsc.com\/de\/systems\/produkte\/endstufen\/endstufen-fuer-die-festinstallation\/cmxa-serie\/cmx2000va\/\" target=\"_blank\" rel=\"noopener\">CMX2000Va<\/a><\/td>\n<\/tr>\n<\/thead>\n<tbody>\n<tr>\n<td><strong>Stereo Mode (both channels driven)<\/strong><\/p>\n<p>8\u03a9 FTC 0.1% THD<br \/>\n8\u03a9 EIA 0.1% THD<br \/>\n4\u03a9 FTC 0.1% THD<br \/>\n4\u03a9 EIA 0.5% THD<br \/>\n2\u03a9 EIA 1% THD<\/p>\n<p>70V Direct EIA 1% THD<br \/>\n100V Direct EIA 1% THD<\/p>\n<p><strong>FTC:<\/strong>\u00a0<em>20 Hz\u201320 kHz after preconditioning<\/em><br \/>\n<strong>EIA:<\/strong>\u00a0<em>1 kHz<\/em><\/td>\n<td>185 W<br \/>\n200 W<br \/>\n280 W<br \/>\n300 W<br \/>\n430 W<\/p>\n<p>\u2013<br \/>\n\u2013<\/td>\n<td>260 W<br \/>\n300 W<br \/>\n400 W<br \/>\n500 W<br \/>\n700 W<\/p>\n<p>\u2013<br \/>\n\u2013<\/td>\n<td>450 W<br \/>\n500 W<br \/>\n650 W<br \/>\n800 W<br \/>\n1200 W<\/p>\n<p>400 W<br \/>\n\u2013<\/td>\n<td>1050 W<br \/>\n1100 W<br \/>\n1600 W<br \/>\n2000 W*<br \/>\n2500 W<\/p>\n<p>2500 W<br \/>\n1000 W<\/td>\n<\/tr>\n<tr>\n<td>Bridge Mono Mode<br \/>\n8\u03a9 FTC, 0.1% THD<br \/>\n8\u03a9 EIA, 0.1% THD<br \/>\n4\u03a9 EIA, 1% THD<\/p>\n<p>70V Direct Drive EIA, 1% THD<br \/>\n100V Direct Drive EIA, 1% THD<\/p>\n<p><strong>FTC:<\/strong><em>\u00a020 Hz\u201320 kHz after preconditioning; both channels driven simultaneously<\/em><br \/>\n<strong>EIA:<\/strong><em>\u00a01 kHz<\/em><\/td>\n<td>530 W<br \/>\n600 W<br \/>\n830 W<\/p>\n<p>600 W<br \/>\n\u2013<\/td>\n<td>800 W<br \/>\n900 W<br \/>\n1400 W<\/p>\n<p>1200 W<br \/>\n600 W<\/td>\n<td>1300 W<br \/>\n1500 W<br \/>\n2400 W<\/p>\n<p>2000 W<br \/>\n2300 W<\/td>\n<td>3200 W<br \/>\n3600 W<br \/>\n5000W<\/p>\n<p>5000 W<br \/>\n3600 W<\/td>\n<\/tr>\n<tr>\n<td>Signal to Noise (20 Hz\u201320 kHz, 8\u03a9)<\/td>\n<td class=\"align-center\" colspan=\"4\">&gt; 100 dB<\/td>\n<\/tr>\n<tr>\n<td>Input Sensitivity into 8\u03a9<\/td>\n<td>1.15 V (+3.4 dBu)<\/td>\n<td>1.14 V (+3.4 dBu)<\/td>\n<td>1.23 V (+4.0 dBu)<\/td>\n<td>1.42 V (+5.3 dBu)<\/td>\n<\/tr>\n<tr>\n<td>Max Voltage Gain<\/td>\n<td>31.6\u00d7 (30 dB)<\/td>\n<td>40\u00d7 (32 dB)<\/td>\n<td>46\u00d7 (33 dB)<\/td>\n<td>64\u00d7 (36 dB)<\/td>\n<\/tr>\n<tr>\n<td>Output Circuitry<\/td>\n<td>Class AB<\/td>\n<td>Class AB<\/td>\n<td>2-tier Class H<\/td>\n<td>3-tier Class H<\/td>\n<\/tr>\n<tr>\n<td>Current Draw (pink noise program)<br \/>\nTypical, 1\/8 power 4\u03a9, 120 V<br \/>\nTypical, 1\/8 power 4\u03a9, 230 V<br \/>\nSevere, 1\/3 power 4\u03a9, 120 V<br \/>\nSevere, 1\/3 power 4\u03a9, 230 V<\/td>\n<td>\n4.4 A<br \/>\n2.2 A<br \/>\n6.6 A<br \/>\n3.3 A<\/td>\n<td>\n5.4 A<br \/>\n2.7 A<br \/>\n9.6 A<br \/>\n4.8 A<\/td>\n<td>\n6.3 A<br \/>\n3.2 A<br \/>\n15.6 A<br \/>\n7.8 A<\/td>\n<td>\n13.9 A<br \/>\n7 A<br \/>\n26.9 A<br \/>\n13.5 A<\/td>\n<\/tr>\n<tr>\n<td>Distortion (SMPTE-IM)<\/td>\n<td>&lt; 0.02%<\/td>\n<td>&lt; 0.01%<\/td>\n<td>&lt; 0.01%<\/td>\n<td>&lt; 0.01%<\/td>\n<\/tr>\n<tr>\n<td>Distortion (typical)<br \/>\n20 Hz\u201320 kHz: 10 dB below rated power<br \/>\n1.0 kHz and below: full rated power<\/td>\n<td class=\"align-center\" colspan=\"5\">\n&lt; 0.03% THD \/ 4\u03a9 and 8\u03a9<br \/>\n&lt; 0.03% THD \/ 4\u03a9 and 8\u03a9<\/td>\n<\/tr>\n<tr>\n<td>Frequency Response<\/td>\n<td class=\"align-center\" colspan=\"5\">20 Hz\u201320 kHz: \u00b11 dB; -3 dB points: 5 Hz and 50 kHz<\/td>\n<\/tr>\n<tr>\n<td>Damping Factor (1 kHz and below)<\/td>\n<td class=\"align-center\" colspan=\"5\">&gt; 300 at 8\u03a9<\/td>\n<\/tr>\n<tr>\n<td>Input Impedance<\/td>\n<td class=\"align-center\" colspan=\"5\">10 k\u03a9 unbalanced, 20 k\u03a9 balanced<\/td>\n<\/tr>\n<tr>\n<td>Input Clipping<\/td>\n<td class=\"align-center\" colspan=\"5\">10 V rms (+22 dBu)<\/td>\n<\/tr>\n<tr>\n<td>Cooling<\/td>\n<td class=\"align-center\" colspan=\"5\">Continuously variable-speed fan, rear-to-front air flow<\/td>\n<\/tr>\n<tr>\n<td>Connectors (each channel)<\/td>\n<td class=\"align-center\" colspan=\"5\">Input: Active balanced; barrier strip, XLR and \u00bc&#8220; (6.3 mm) \u2013 TRS tip and XLR pin 2 positive<br \/>\nOutput: Detachable terminal block and Neutrik\u2122 Speakon\u2122<\/td>\n<\/tr>\n<tr>\n<td>Controls<\/td>\n<td class=\"align-center\" colspan=\"5\">Front: AC switch, Channels 1 &amp; 2 gain knobs<br \/>\nRear: 10-position DIP switch<\/td>\n<\/tr>\n<tr>\n<td>Indicators<\/td>\n<td class=\"align-center\" colspan=\"5\">Power-on: Green LED \/ Signal: Green LED (1 per channel) \/ Clip: Red LED (1 per channel)<\/td>\n<\/tr>\n<tr>\n<td>Amplifier Protection<\/td>\n<td class=\"align-center\" colspan=\"5\">Stable into reactive or mismatched loads<\/td>\n<\/tr>\n<tr>\n<td>Load Protection<\/td>\n<td class=\"align-center\" colspan=\"5\">On\/off muting, AC coupling (CMX 300Va and CMX 500Va), triac crowbar (CMX 800Va and CMX 2000Va on each channel)<\/td>\n<\/tr>\n<tr>\n<td>Power Requirements<\/td>\n<td class=\"align-center\" colspan=\"5\">120 or 230 VAC, 50 \u2013 60 Hz<\/td>\n<\/tr>\n<tr>\n<td>Dimensions (HWD)<br \/>\n2 RU models<\/p>\n<p>3 RU model (CMX 2000Va)<\/td>\n<td colspan=\"5\">\n3.5&#8243; (8.9 cm) 2 rack spaces x 19&#8243; (48.3 cm) rack mounting x 15.9&#8243; (40 cm) deep to rear support ears<br \/>\n5.25&#8243; (13.3 cm) 3 rack spaces x 19&#8243; (48.3 cm) rack mounting x 15.9&#8243; (40 cm) deep to rear support ears<\/td>\n<\/tr>\n<tr>\n<td>Weight &#8211; Net<\/td>\n<td class=\"align-center\">35 lb (15.9 kg)<\/td>\n<td class=\"align-center\">40 lb (18.2 kg)<\/td>\n<td class=\"align-center\">44.5 lb (20.2 kg)<\/td>\n<td class=\"align-center\">75 lb (33.1 kg)<\/td>\n<\/tr>\n<\/tbody>\n<\/table>\n<\/div>\n<\/div>\n<\/div>\n","protected":false},"excerpt":{"rendered":"<p>Dank \u201eFlex-Use\u201c verarbeiten die Endstufen der Serie CMX auch niederohmige Lasten (bis zu 2 Ohm). Bestimmte Modelle k\u00f6nnen zur direkten Ansteuerung (kein Ausgangs\u00fcbertrager) von verteilten 70V- und 100V-Lautsprechersystemen verwendet werden. F\u00fcr den \u201eFlex-Use\u201c-Betrieb stehen als Eing\u00e4nge symmetrische Schraubklemmen, XLR und 6,3 mm-Klinkenbuchsen (TRS) zur Verf\u00fcgung. Als Ausg\u00e4nge stehen f\u00fcr \u201eFlex-Use\u201c NL4 Speakon\u2122-Anschl\u00fcsse und abnehmbare Klemmbl\u00f6cke [&hellip;]<\/p>\n","protected":false},"featured_media":729,"comment_status":"closed","ping_status":"closed","template":"","meta":[],"product_brand":[],"product_cat":[160],"product_tag":[163,166,162,154,161],"class_list":{"0":"post-728","1":"product","2":"type-product","3":"status-publish","4":"has-post-thumbnail","6":"product_cat-verstaerker","7":"product_tag-amp","8":"product_tag-cmx-2000","9":"product_tag-endstufe","10":"product_tag-qsc","11":"product_tag-verstaerker","13":"first","14":"instock","15":"taxable","16":"shipping-taxable","17":"purchasable","18":"product-type-simple"},"jetpack_sharing_enabled":true,"_links":{"self":[{"href":"https:\/\/audio-tools.at\/index.php\/wp-json\/wp\/v2\/product\/728","targetHints":{"allow":["GET"]}}],"collection":[{"href":"https:\/\/audio-tools.at\/index.php\/wp-json\/wp\/v2\/product"}],"about":[{"href":"https:\/\/audio-tools.at\/index.php\/wp-json\/wp\/v2\/types\/product"}],"replies":[{"embeddable":true,"href":"https:\/\/audio-tools.at\/index.php\/wp-json\/wp\/v2\/comments?post=728"}],"wp:featuredmedia":[{"embeddable":true,"href":"https:\/\/audio-tools.at\/index.php\/wp-json\/wp\/v2\/media\/729"}],"wp:attachment":[{"href":"https:\/\/audio-tools.at\/index.php\/wp-json\/wp\/v2\/media?parent=728"}],"wp:term":[{"taxonomy":"product_brand","embeddable":true,"href":"https:\/\/audio-tools.at\/index.php\/wp-json\/wp\/v2\/product_brand?post=728"},{"taxonomy":"product_cat","embeddable":true,"href":"https:\/\/audio-tools.at\/index.php\/wp-json\/wp\/v2\/product_cat?post=728"},{"taxonomy":"product_tag","embeddable":true,"href":"https:\/\/audio-tools.at\/index.php\/wp-json\/wp\/v2\/product_tag?post=728"}],"curies":[{"name":"wp","href":"https:\/\/api.w.org\/{rel}","templated":true}]}}