{"id":787,"date":"2020-11-08T07:38:59","date_gmt":"2020-11-08T07:38:59","guid":{"rendered":"https:\/\/audio-tools.at\/?post_type=product&#038;p=787"},"modified":"2020-11-08T07:38:59","modified_gmt":"2020-11-08T07:38:59","slug":"motu-m2-audio-interface","status":"publish","type":"product","link":"https:\/\/audio-tools.at\/index.php\/produkt\/motu-m2-audio-interface\/","title":{"rendered":"MOTU M2 Audio Interface"},"content":{"rendered":"<div class=\"column33\"><strong>IO<\/strong><br \/>\n2x Mikrofon- \/ Line- \/ Hi-Z-Gitarreneing\u00e4nge mit Kombibuchsen f\u00fcr XLR und Klinke<br \/>\n2x symmetrische, Gleichstrom-gekoppelte 1\/4-Zoll-Klinkenausg\u00e4nge<br \/>\n2x unsymmetrische Cinch-Ausg\u00e4nge (gespiegelt)<br \/>\n1x Kopfh\u00f6rerausgang (mit ESS-Konvertern) mit unabh\u00e4ngiger Lautst\u00e4rkeregelung<br \/>\n1x MIDI In\/Out<\/p>\n<p><strong>SYSTEMVORAUSSETZUNGEN<\/strong><br \/>\nmacOS 10.11 oder h\u00f6her<br \/>\nWindows 7, 8, 10 oder h\u00f6her (nur 64-Bit)<br \/>\niOS 9 oder h\u00f6her<\/div>\n<div class=\"column33\"><strong>dB-BEREICH<\/strong><br \/>\nDynamikbereich von 120 dB an den Ausg\u00e4ngen<br \/>\nEmpfindlichkeit von -129 dB EIN an den Mikrofoneing\u00e4ngen<\/p>\n<p><strong>HIGHLIGHTS<\/strong><br \/>\nErstklassige Audioqualit\u00e4t dank ESS Sabre32 Ultra DAC-Technologie<br \/>\nUltraschnelle Audio\u00fcbertragung (extrem niedrige Latenz) f\u00fcr die Verarbeitung von Host-Software<br \/>\nDetaillierte Pegelanzeigen f\u00fcr alle Ein-\/Ausg\u00e4nge auf einem Vollfarb-LCD<br \/>\nIndividuelle Vorverst\u00e4rkung und 48-V-Phantomspeisung f\u00fcr jeden Eingang<br \/>\nHardware (Direkt) Monitoring f\u00fcr jeden Eingang (Mono oder Stereo)<br \/>\nUnterst\u00fctzung f\u00fcr Abtastraten von 44,1 bis 192 kHz<\/div>\n<div class=\"column33\"><strong>KONNEKTIVIT\u00c4T<\/strong><br \/>\nStromversorgung per USB-C (kompatibel mit USB Typ A) mit Netzschalter (USB-Kabel im Lieferumfang enthalten)<br \/>\nUSB Class Compliant f\u00fcr Plug-and-Play-Betrieb auf dem Mac (kein Treiber erforderlich)<br \/>\nWindows-Treiber mit 2,5 ms Round Trip Latenz (32 Samples bei 96 kHz)<br \/>\nMac-Treiber (optional, f\u00fcr 2,5 ms RTL bei 32\/96 kHz und Loopback-Funktion)<br \/>\niOS\/ClassCompliant-kompatibel (in Verbindung mit einem optionalen, aktiven USB2\/3\/C Hub und Lightning\/USB-Adapter)<br \/>\nTreiber-Loopback zur R\u00fcckf\u00fchrung das Ausgangssignals in den Computer, Live-Streaming und Podcasting\n<\/div>\n","protected":false},"excerpt":{"rendered":"\n","protected":false},"featured_media":789,"comment_status":"closed","ping_status":"closed","template":"","meta":[],"product_brand":[],"product_cat":[71,87],"product_tag":[196,198,197],"class_list":{"0":"post-787","1":"product","2":"type-product","3":"status-publish","4":"has-post-thumbnail","6":"product_cat-home-office","7":"product_cat-tools","8":"product_tag-audio-interface","9":"product_tag-interface-motu-m2","10":"product_tag-soundkarte","12":"first","13":"instock","14":"sale","15":"taxable","16":"shipping-taxable","17":"purchasable","18":"product-type-simple"},"jetpack_sharing_enabled":true,"_links":{"self":[{"href":"https:\/\/audio-tools.at\/index.php\/wp-json\/wp\/v2\/product\/787","targetHints":{"allow":["GET"]}}],"collection":[{"href":"https:\/\/audio-tools.at\/index.php\/wp-json\/wp\/v2\/product"}],"about":[{"href":"https:\/\/audio-tools.at\/index.php\/wp-json\/wp\/v2\/types\/product"}],"replies":[{"embeddable":true,"href":"https:\/\/audio-tools.at\/index.php\/wp-json\/wp\/v2\/comments?post=787"}],"wp:featuredmedia":[{"embeddable":true,"href":"https:\/\/audio-tools.at\/index.php\/wp-json\/wp\/v2\/media\/789"}],"wp:attachment":[{"href":"https:\/\/audio-tools.at\/index.php\/wp-json\/wp\/v2\/media?parent=787"}],"wp:term":[{"taxonomy":"product_brand","embeddable":true,"href":"https:\/\/audio-tools.at\/index.php\/wp-json\/wp\/v2\/product_brand?post=787"},{"taxonomy":"product_cat","embeddable":true,"href":"https:\/\/audio-tools.at\/index.php\/wp-json\/wp\/v2\/product_cat?post=787"},{"taxonomy":"product_tag","embeddable":true,"href":"https:\/\/audio-tools.at\/index.php\/wp-json\/wp\/v2\/product_tag?post=787"}],"curies":[{"name":"wp","href":"https:\/\/api.w.org\/{rel}","templated":true}]}}