{"id":795,"date":"2020-11-11T14:38:46","date_gmt":"2020-11-11T14:38:46","guid":{"rendered":"https:\/\/audio-tools.at\/?post_type=product&#038;p=795"},"modified":"2020-11-11T15:51:48","modified_gmt":"2020-11-11T15:51:48","slug":"magnat-quantum-757-standlautsprecher-3-wege-bassreflex-mit-doppelbass","status":"publish","type":"product","link":"https:\/\/audio-tools.at\/index.php\/produkt\/magnat-quantum-757-standlautsprecher-3-wege-bassreflex-mit-doppelbass\/","title":{"rendered":"Magnat Quantum 757 STANDLAUTSPRECHER, 3-WEGE BASSREFLEX MIT DOPPELBASS"},"content":{"rendered":"<ul class=\"prj--nice-list wup-margin-y-smed\">\n<li>HiFi elegant: Schlanker Spitzenreiter der Quantum 750 Serie<\/li>\n<li>25 mm F-Max Gewebehocht\u00f6ner mit erweitertem Frequenzbereich<\/li>\n<li>Verzerrungsoptimierter 170-mm-Keramik-Alu-Cone-Mittelt\u00f6ner f\u00fcr besonders pr\u00e4zise Stimmenwiedergabe<\/li>\n<li>Zwei 170-mm-Tieft\u00f6ner mit Keramik-Aluminium-Membran f\u00fcr sehr gute Basswiedergabe<\/li>\n<li>Extrem resonanzarme 45-mm-Geh\u00e4usefront auf versteiftem Korpus<\/li>\n<\/ul>\n<h5 class=\"wup-color-gray40\"><small>FREQUENZBEREICH<\/small><\/h5>\n<ul class=\"wup-color-gray80 wup-margin-bottom-small\">\n<li>20 \u2013 50000 Hz<\/li>\n<\/ul>\n<h5 class=\"wup-color-gray40\"><small>PRINZIP<\/small><\/h5>\n<ul class=\"wup-color-gray80 wup-margin-bottom-small\">\n<li>3 Wege Bassreflex, Doppelbass<\/li>\n<\/ul>\n<h5 class=\"wup-color-gray40\"><small>BEST\u00dcCKUNG<\/small><\/h5>\n<ul class=\"wup-color-gray80 wup-margin-bottom-small\">\n<li>170 mm Mittelt\u00f6ner<\/li>\n<li>2 x 170 mm Tieft\u00f6ner<\/li>\n<li>25 mm Hocht\u00f6ner<\/li>\n<\/ul>\n<h5 class=\"wup-color-gray40\"><small>BELASTBARKEIT (RMS\/MAX.)<\/small><\/h5>\n<ul class=\"wup-color-gray80 wup-margin-bottom-small\">\n<li>220\/350 Watt<\/li>\n<\/ul>\n<h5 class=\"wup-color-gray40\"><small>IMPEDANZ<\/small><\/h5>\n<ul class=\"wup-color-gray80 wup-margin-bottom-small\">\n<li>4 \u2013 8 Ohm<\/li>\n<\/ul>\n<h5 class=\"wup-color-gray40\"><small>\u00dcBERGANGSFREQUENZ<\/small><\/h5>\n<ul class=\"wup-color-gray80 wup-margin-bottom-small\">\n<li>250 Hz \/ 2800 Hz<\/li>\n<\/ul>\n<h5 class=\"wup-color-gray40\"><small>EMPFOHLENE VERST\u00c4RKERLEISTUNG<\/small><\/h5>\n<ul class=\"wup-color-gray80 wup-margin-bottom-small\">\n<li>&gt; 30 Watt<\/li>\n<\/ul>\n<h5 class=\"wup-color-gray40\"><small>WIRKUNGSGRAD (2.8V\/1M)<\/small><\/h5>\n<ul class=\"wup-color-gray80 wup-margin-bottom-small\">\n<li>93 dB<\/li>\n<\/ul>\n","protected":false},"excerpt":{"rendered":"<p>HiFi elegant: Schlanker Spitzenreiter der Quantum 750 Serie 25 mm F-Max Gewebehocht\u00f6ner mit erweitertem Frequenzbereich Verzerrungsoptimierter 170-mm-Keramik-Alu-Cone-Mittelt\u00f6ner f\u00fcr besonders pr\u00e4zise Stimmenwiedergabe Zwei 170-mm-Tieft\u00f6ner mit Keramik-Aluminium-Membran f\u00fcr sehr gute Basswiedergabe Extrem resonanzarme 45-mm-Geh\u00e4usefront auf versteiftem Korpus FREQUENZBEREICH 20 \u2013 50000 Hz PRINZIP 3 Wege Bassreflex, Doppelbass BEST\u00dcCKUNG 170 mm Mittelt\u00f6ner 2 x 170 mm Tieft\u00f6ner 25 [&hellip;]<\/p>\n","protected":false},"featured_media":796,"comment_status":"closed","ping_status":"closed","template":"","meta":[],"product_brand":[],"product_cat":[203,22,177],"product_tag":[206,205,204],"class_list":{"0":"post-795","1":"product","2":"type-product","3":"status-publish","4":"has-post-thumbnail","6":"product_cat-hifi","7":"product_cat-speaker","8":"product_cat-speaker-passiv","9":"product_tag-hifi","10":"product_tag-hifi-lautsprecher","11":"product_tag-stand-lautsprecher","13":"first","14":"instock","15":"sale","16":"taxable","17":"shipping-taxable","18":"purchasable","19":"product-type-simple"},"jetpack_sharing_enabled":true,"_links":{"self":[{"href":"https:\/\/audio-tools.at\/index.php\/wp-json\/wp\/v2\/product\/795","targetHints":{"allow":["GET"]}}],"collection":[{"href":"https:\/\/audio-tools.at\/index.php\/wp-json\/wp\/v2\/product"}],"about":[{"href":"https:\/\/audio-tools.at\/index.php\/wp-json\/wp\/v2\/types\/product"}],"replies":[{"embeddable":true,"href":"https:\/\/audio-tools.at\/index.php\/wp-json\/wp\/v2\/comments?post=795"}],"wp:featuredmedia":[{"embeddable":true,"href":"https:\/\/audio-tools.at\/index.php\/wp-json\/wp\/v2\/media\/796"}],"wp:attachment":[{"href":"https:\/\/audio-tools.at\/index.php\/wp-json\/wp\/v2\/media?parent=795"}],"wp:term":[{"taxonomy":"product_brand","embeddable":true,"href":"https:\/\/audio-tools.at\/index.php\/wp-json\/wp\/v2\/product_brand?post=795"},{"taxonomy":"product_cat","embeddable":true,"href":"https:\/\/audio-tools.at\/index.php\/wp-json\/wp\/v2\/product_cat?post=795"},{"taxonomy":"product_tag","embeddable":true,"href":"https:\/\/audio-tools.at\/index.php\/wp-json\/wp\/v2\/product_tag?post=795"}],"curies":[{"name":"wp","href":"https:\/\/api.w.org\/{rel}","templated":true}]}}