{"id":859,"date":"2020-11-17T18:23:19","date_gmt":"2020-11-17T18:23:19","guid":{"rendered":"https:\/\/audio-tools.at\/?post_type=product&#038;p=859"},"modified":"2020-11-17T18:23:19","modified_gmt":"2020-11-17T18:23:19","slug":"sennheiser-ie-40-pro-in-ear-hoerer","status":"publish","type":"product","link":"https:\/\/audio-tools.at\/index.php\/produkt\/sennheiser-ie-40-pro-in-ear-hoerer\/","title":{"rendered":"Sennheiser IE 40 Pro In Ear H\u00f6rer"},"content":{"rendered":"<p><strong>Der IE 40 PRO verbessert deine Performance durch mehr Gef\u00fchl f\u00fcr deinen Sound.<\/strong><\/p>\n<p>&nbsp;<\/p>\n<ul class=\"feature_list\">\n<li>Neuartiger, dynamischer 10mm-Breitbandwandler f\u00fcr kraftvollen, pr\u00e4zisen Monitoring-Sound<\/li>\n<li>Dynamisches Treibersystem reduziert akustische Stressfaktoren durch homogene und verzerrungsfreie Wiedergabe<\/li>\n<li>Sicherer Sitz und hoher Tragekomfort: Flaches Design erm\u00f6glicht einen neuartigen, ergonomischen Aufbau<\/li>\n<li>Sehr gute Abschirmung durch optimierte Form des Ohrst\u00fccks und flexible Silikon- und Schaumstoffaufs\u00e4tze<\/li>\n<li>B\u00fchnensicheres Kabel mit neuartiger interner Kabelf\u00fchrung (Patent angemeldet)<\/li>\n<\/ul>\n<p class=\"content__headline\">Nehmen Sie Ihr In-Ear-Monitoring von der B\u00fchne mit auf die Stra\u00dfe<\/p>\n<p>Wer sagt, dass Sie den Komfort und die Qualit\u00e4t Ihrer In-Ear-Monitore nicht auch unterwegs genie\u00dfen k\u00f6nnen? Zwar wurde der IE 40 PRO so konzipiert wurde, dass er jede Nuance Ihres Mixes w\u00e4hrend des Auftritts reproduziert, aber dies gilt auch, wenn Sie Musik auf Ihrem Telefon oder Tablet h\u00f6ren. Dar\u00fcber hinaus sorgen Ohrst\u00f6psel in verschiedenen Gr\u00f6\u00dfen f\u00fcr einen sicheren, passgenauen Sitz und erm\u00f6glichen so eine passive Ger\u00e4uschunterdr\u00fcckung sowie stundenlangen Tragekomfort. Nehmen Sie sie also mit, wohin Sie auch gehen. Sie werden Ihre pure Freude an ihnen haben.<\/p>\n<p class=\"content__headline\">Dynamische Treiber der n\u00e4chsten Generation<\/p>\n<p>W\u00e4hrend die meisten IE-Systeme auf Mehrwegel\u00f6sungen aus H\u00f6rhilfen zur\u00fcckgreifen, nutzt der IE 40 PRO einen dynamischen Treiber der n\u00e4chsten Generation. Der Frequenzbereich muss nicht in Teilbereiche zerst\u00fcckelt werden, sondern bleibt ein harmonisches Ganzes. Er klingt wie \u201eaus einem Guss\u201c und sein Frequenzspektrum ist deutlich erweitert. Es gibt keine Verzerrungen, weil die Spezialmembran \u2013 im Gegensatz zum steiferen Antriebsprinzip der Mehrwegetreiber \u2013 selbst bei h\u00f6chsten Pegeln locker mitschwingt. Auch Phasenprobleme und Dissonanzen im Innenohr sind deshalb ausgeschlossen. Der Unterschied ist schon im Einsteigermodell h\u00f6rbar.<\/p>\n","protected":false},"excerpt":{"rendered":"\n","protected":false},"featured_media":860,"comment_status":"closed","ping_status":"closed","template":"","meta":[],"product_brand":[],"product_cat":[19],"product_tag":[222,221,223],"class_list":{"0":"post-859","1":"product","2":"type-product","3":"status-publish","4":"has-post-thumbnail","6":"product_cat-headphone","7":"product_tag-ie40","8":"product_tag-inear-hoerer","9":"product_tag-sennheiser-ie40pro","11":"first","12":"instock","13":"taxable","14":"shipping-taxable","15":"purchasable","16":"product-type-simple"},"jetpack_sharing_enabled":true,"_links":{"self":[{"href":"https:\/\/audio-tools.at\/index.php\/wp-json\/wp\/v2\/product\/859","targetHints":{"allow":["GET"]}}],"collection":[{"href":"https:\/\/audio-tools.at\/index.php\/wp-json\/wp\/v2\/product"}],"about":[{"href":"https:\/\/audio-tools.at\/index.php\/wp-json\/wp\/v2\/types\/product"}],"replies":[{"embeddable":true,"href":"https:\/\/audio-tools.at\/index.php\/wp-json\/wp\/v2\/comments?post=859"}],"wp:featuredmedia":[{"embeddable":true,"href":"https:\/\/audio-tools.at\/index.php\/wp-json\/wp\/v2\/media\/860"}],"wp:attachment":[{"href":"https:\/\/audio-tools.at\/index.php\/wp-json\/wp\/v2\/media?parent=859"}],"wp:term":[{"taxonomy":"product_brand","embeddable":true,"href":"https:\/\/audio-tools.at\/index.php\/wp-json\/wp\/v2\/product_brand?post=859"},{"taxonomy":"product_cat","embeddable":true,"href":"https:\/\/audio-tools.at\/index.php\/wp-json\/wp\/v2\/product_cat?post=859"},{"taxonomy":"product_tag","embeddable":true,"href":"https:\/\/audio-tools.at\/index.php\/wp-json\/wp\/v2\/product_tag?post=859"}],"curies":[{"name":"wp","href":"https:\/\/api.w.org\/{rel}","templated":true}]}}