{"id":870,"date":"2020-11-18T19:39:46","date_gmt":"2020-11-18T19:39:46","guid":{"rendered":"https:\/\/audio-tools.at\/?post_type=product&#038;p=870"},"modified":"2020-11-18T19:40:32","modified_gmt":"2020-11-18T19:40:32","slug":"audio-technica-atr-2100x-usb-xlr-mikrofon","status":"publish","type":"product","link":"https:\/\/audio-tools.at\/index.php\/produkt\/audio-technica-atr-2100x-usb-xlr-mikrofon\/","title":{"rendered":"Audio Technica ATR 2100X USB &#8211; XLR Mikrofon"},"content":{"rendered":"<div class=\"s-cms-content\">\n<h3>Streaming-\/Podcasting-Mikrofon<\/h3>\n<p>Das ATR2100x-USB ist ein vielseitig anwendbares Mikrofon, das fu\u0308r Liveauftritte, Podcasts und Voiceover entwickelt wurde. Dieses widerstandsf\u00e4hige Hand-Mikrofon besitzt zwei Ausg\u00e4nge: Einen USB-Ausgang, der mit Ihrem Computer oder einem anderen Ger\u00e4t zur digitalen Aufnahme verbunden werden kann und einen XLR-Ausgang, der sich mit einem konventionellen Mikrofoneingang eines Soundsystems zur Verwendung in Liveauftritten verbunden wird.<\/p>\n<\/div>\n<div class=\"c-expander-banner__hidden-text s-cms-content js-banner__hidden-text\">\n<p>Das Mikrofon ATR2100x-USB bietet au\u00dferdem einen Analog-Digital-Wandler mit hoher Audioqualit\u00e4t (24-bit, bis zu 192 kHz) fu\u0308r hervorragende Klangwidergabe und eine Kopfh\u00f6rerbuchse mit Pegelsteuerung fu\u0308r die direkte \u00dcberwachung am Mikrofon. Seine Nierencharakteristik verringert die Aufnahme unerwu\u0308nschter Ger\u00e4usche von den Seiten und von hinten.<\/p>\n<p>Das Mikrofon umfasst einen Ein-\/Ausschalter und wird mit zwei 2-m-USB-Kabeln (USB-C auf USB-C, USB-C auf USB-A) und einem 3-m-XLR-Kabel fu\u0308r maximale Flexibilit\u00e4t geliefert. Im Lieferumfang ist ein sehr widerstandsf\u00e4higer Stativtischst\u00e4nder mit einklappbaren Beinen enthalten.<\/p>\n<h3>Produkt-Highlights<\/h3>\n<p>Die eingebaute Kopfh\u00f6rerbuchse erlaubt die \u00dcberwachung direkt am Mikrofon.<\/p>\n<p>A\/D-Wandler mit hoher Qualit\u00e4t mit 24-Bit, Sampling Rate bis 192 kHz.<\/p>\n<p>Kompatibel mit Windows und Mac.<\/p>\n<p>Robuste Metallbauweise fu\u0308r eine langanhaltende Lebensdauer.<\/p>\n<p>Ein-\/Ausschalterfunktion fu\u0308r den USB- und Analogbetrieb.<\/p>\n<p>Enth\u00e4lt drei Kabel: USB-C auf USB-C, USB-C auf USB-A und XLR.<\/p>\n<\/div>\n","protected":false},"excerpt":{"rendered":"\n","protected":false},"featured_media":871,"comment_status":"closed","ping_status":"closed","template":"","meta":[],"product_brand":[],"product_cat":[31,193,71],"product_tag":[233,231,232],"class_list":{"0":"post-870","1":"product","2":"type-product","3":"status-publish","4":"has-post-thumbnail","6":"product_cat-micros","7":"product_cat-audio-technica","8":"product_cat-home-office","9":"product_tag-atr2100x-usb","10":"product_tag-streaming-mikro","11":"product_tag-usb-mikro","13":"first","14":"instock","15":"sale","16":"taxable","17":"shipping-taxable","18":"purchasable","19":"product-type-simple"},"jetpack_sharing_enabled":true,"_links":{"self":[{"href":"https:\/\/audio-tools.at\/index.php\/wp-json\/wp\/v2\/product\/870","targetHints":{"allow":["GET"]}}],"collection":[{"href":"https:\/\/audio-tools.at\/index.php\/wp-json\/wp\/v2\/product"}],"about":[{"href":"https:\/\/audio-tools.at\/index.php\/wp-json\/wp\/v2\/types\/product"}],"replies":[{"embeddable":true,"href":"https:\/\/audio-tools.at\/index.php\/wp-json\/wp\/v2\/comments?post=870"}],"wp:featuredmedia":[{"embeddable":true,"href":"https:\/\/audio-tools.at\/index.php\/wp-json\/wp\/v2\/media\/871"}],"wp:attachment":[{"href":"https:\/\/audio-tools.at\/index.php\/wp-json\/wp\/v2\/media?parent=870"}],"wp:term":[{"taxonomy":"product_brand","embeddable":true,"href":"https:\/\/audio-tools.at\/index.php\/wp-json\/wp\/v2\/product_brand?post=870"},{"taxonomy":"product_cat","embeddable":true,"href":"https:\/\/audio-tools.at\/index.php\/wp-json\/wp\/v2\/product_cat?post=870"},{"taxonomy":"product_tag","embeddable":true,"href":"https:\/\/audio-tools.at\/index.php\/wp-json\/wp\/v2\/product_tag?post=870"}],"curies":[{"name":"wp","href":"https:\/\/api.w.org\/{rel}","templated":true}]}}