{"id":875,"date":"2020-11-20T15:36:58","date_gmt":"2020-11-20T15:36:58","guid":{"rendered":"https:\/\/audio-tools.at\/?post_type=product&#038;p=875"},"modified":"2022-11-29T19:46:00","modified_gmt":"2022-11-29T19:46:00","slug":"cameo-ts-40-ww-theater-spot-mit-plankonvexlinse-und-warmweisser-40w-led-in-schwarzem-gehaeuse","status":"publish","type":"product","link":"https:\/\/audio-tools.at\/index.php\/produkt\/cameo-ts-40-ww-theater-spot-mit-plankonvexlinse-und-warmweisser-40w-led-in-schwarzem-gehaeuse\/","title":{"rendered":"Cameo TS 40 WW Theater-Spot mit Plankonvexlinse und warmwei\u00dfer 40W LED in schwarzem Geh\u00e4use"},"content":{"rendered":"<ul>\n<li>Leistungsstarke warmwei\u00dfe 40W LED<\/li>\n<li>Plankonvexlinse<\/li>\n<li>Stufenloser manueller Zoom von 14\u00b0 &#8211; 38\u00b0 Abstrahlwinkel<\/li>\n<li>RDM-f\u00e4hig<\/li>\n<li>18.000 Lux @ 1 m<\/li>\n<li>3.200 K Farbtemperatur<\/li>\n<li>CRI &gt;90<\/li>\n<li>Flackerfreie Projektion<\/li>\n<li>Robustes Metallgeh\u00e4use mit Konvektionsk\u00fchlung<\/li>\n<li>Inklusive drehbarem Fl\u00fcgelbegrenzer und Farbfilterrahmen<\/li>\n<\/ul>\n","protected":false},"excerpt":{"rendered":"<p>Leistungsstarke warmwei\u00dfe 40W LED Plankonvexlinse Stufenloser manueller Zoom von 14\u00b0 &#8211; 38\u00b0 Abstrahlwinkel RDM-f\u00e4hig 18.000 Lux @ 1 m 3.200 K Farbtemperatur CRI &gt;90 Flackerfreie Projektion Robustes Metallgeh\u00e4use mit Konvektionsk\u00fchlung Inklusive drehbarem Fl\u00fcgelbegrenzer und Farbfilterrahmen<\/p>\n","protected":false},"featured_media":876,"comment_status":"closed","ping_status":"closed","template":"","meta":[],"product_brand":[],"product_cat":[234],"product_tag":[238],"class_list":{"0":"post-875","1":"product","2":"type-product","3":"status-publish","4":"has-post-thumbnail","6":"product_cat-led-scheinwerfer","7":"product_tag-led-theater-scheinwerfer","9":"first","10":"instock","11":"taxable","12":"shipping-taxable","13":"purchasable","14":"product-type-simple"},"jetpack_sharing_enabled":true,"_links":{"self":[{"href":"https:\/\/audio-tools.at\/index.php\/wp-json\/wp\/v2\/product\/875","targetHints":{"allow":["GET"]}}],"collection":[{"href":"https:\/\/audio-tools.at\/index.php\/wp-json\/wp\/v2\/product"}],"about":[{"href":"https:\/\/audio-tools.at\/index.php\/wp-json\/wp\/v2\/types\/product"}],"replies":[{"embeddable":true,"href":"https:\/\/audio-tools.at\/index.php\/wp-json\/wp\/v2\/comments?post=875"}],"wp:featuredmedia":[{"embeddable":true,"href":"https:\/\/audio-tools.at\/index.php\/wp-json\/wp\/v2\/media\/876"}],"wp:attachment":[{"href":"https:\/\/audio-tools.at\/index.php\/wp-json\/wp\/v2\/media?parent=875"}],"wp:term":[{"taxonomy":"product_brand","embeddable":true,"href":"https:\/\/audio-tools.at\/index.php\/wp-json\/wp\/v2\/product_brand?post=875"},{"taxonomy":"product_cat","embeddable":true,"href":"https:\/\/audio-tools.at\/index.php\/wp-json\/wp\/v2\/product_cat?post=875"},{"taxonomy":"product_tag","embeddable":true,"href":"https:\/\/audio-tools.at\/index.php\/wp-json\/wp\/v2\/product_tag?post=875"}],"curies":[{"name":"wp","href":"https:\/\/api.w.org\/{rel}","templated":true}]}}