{"id":878,"date":"2020-11-20T15:40:54","date_gmt":"2020-11-20T15:40:54","guid":{"rendered":"https:\/\/audio-tools.at\/?post_type=product&#038;p=878"},"modified":"2022-11-29T19:44:53","modified_gmt":"2022-11-29T19:44:53","slug":"cameo-ts-100-ww-theater-spot-mit-fresnel-linse-und-warmweisser-100-w-led-in-schwarzem-gehaeuse","status":"publish","type":"product","link":"https:\/\/audio-tools.at\/index.php\/produkt\/cameo-ts-100-ww-theater-spot-mit-fresnel-linse-und-warmweisser-100-w-led-in-schwarzem-gehaeuse\/","title":{"rendered":"Cameo TS 100 WW Theater-Spot mit Fresnel-Linse und warmwei\u00dfer 100 W LED in schwarzem Geh\u00e4use"},"content":{"rendered":"<ul>\n<li>Leistungsstarke warmwei\u00dfe 100 W LED<\/li>\n<li>Fresnel-Linse<\/li>\n<li>Stufenloser manueller Zoom f\u00fcr 14\u00b0 &#8211; 38\u00b0 Abstrahlwinkel<\/li>\n<li>RDM-f\u00e4hig<\/li>\n<li>52.000 Lux @ 1 m \/ 4.100 Lumen<\/li>\n<li>3.100 K Farbtemperatur<\/li>\n<li>CRI &gt;97 f\u00fcr naturgetreue Farbwiedergabe<\/li>\n<li>Flackerfreie Projektion<\/li>\n<li>Robustes Metallgeh\u00e4use mit temperaturgesteuertem L\u00fcfter<\/li>\n<li>Inklusive drehbarem Fl\u00fcgelbegrenzer und Farbfilterrahmen<\/li>\n<\/ul>\n","protected":false},"excerpt":{"rendered":"<p>Leistungsstarke warmwei\u00dfe 100 W LED Fresnel-Linse Stufenloser manueller Zoom f\u00fcr 14\u00b0 &#8211; 38\u00b0 Abstrahlwinkel RDM-f\u00e4hig 52.000 Lux @ 1 m \/ 4.100 Lumen 3.100 K Farbtemperatur CRI &gt;97 f\u00fcr naturgetreue Farbwiedergabe Flackerfreie Projektion Robustes Metallgeh\u00e4use mit temperaturgesteuertem L\u00fcfter Inklusive drehbarem Fl\u00fcgelbegrenzer und Farbfilterrahmen<\/p>\n","protected":false},"featured_media":879,"comment_status":"closed","ping_status":"closed","template":"","meta":[],"product_brand":[],"product_cat":[234],"product_tag":[235,240,239],"class_list":{"0":"post-878","1":"product","2":"type-product","3":"status-publish","4":"has-post-thumbnail","6":"product_cat-led-scheinwerfer","7":"product_tag-led-scheinwerfer","8":"product_tag-theaterscheinwerfer","9":"product_tag-ts100ww","11":"first","12":"instock","13":"taxable","14":"shipping-taxable","15":"purchasable","16":"product-type-simple"},"jetpack_sharing_enabled":true,"_links":{"self":[{"href":"https:\/\/audio-tools.at\/index.php\/wp-json\/wp\/v2\/product\/878","targetHints":{"allow":["GET"]}}],"collection":[{"href":"https:\/\/audio-tools.at\/index.php\/wp-json\/wp\/v2\/product"}],"about":[{"href":"https:\/\/audio-tools.at\/index.php\/wp-json\/wp\/v2\/types\/product"}],"replies":[{"embeddable":true,"href":"https:\/\/audio-tools.at\/index.php\/wp-json\/wp\/v2\/comments?post=878"}],"wp:featuredmedia":[{"embeddable":true,"href":"https:\/\/audio-tools.at\/index.php\/wp-json\/wp\/v2\/media\/879"}],"wp:attachment":[{"href":"https:\/\/audio-tools.at\/index.php\/wp-json\/wp\/v2\/media?parent=878"}],"wp:term":[{"taxonomy":"product_brand","embeddable":true,"href":"https:\/\/audio-tools.at\/index.php\/wp-json\/wp\/v2\/product_brand?post=878"},{"taxonomy":"product_cat","embeddable":true,"href":"https:\/\/audio-tools.at\/index.php\/wp-json\/wp\/v2\/product_cat?post=878"},{"taxonomy":"product_tag","embeddable":true,"href":"https:\/\/audio-tools.at\/index.php\/wp-json\/wp\/v2\/product_tag?post=878"}],"curies":[{"name":"wp","href":"https:\/\/api.w.org\/{rel}","templated":true}]}}