{"id":880,"date":"2020-11-20T15:45:53","date_gmt":"2020-11-20T15:45:53","guid":{"rendered":"https:\/\/audio-tools.at\/?post_type=product&#038;p=880"},"modified":"2022-11-29T19:43:47","modified_gmt":"2022-11-29T19:43:47","slug":"cameo-ts-200-ww-theater-spot-mit-fresnel-linse-und-warmweisser-180-w-led-in-schwarzem-gehaeuse","status":"publish","type":"product","link":"https:\/\/audio-tools.at\/index.php\/produkt\/cameo-ts-200-ww-theater-spot-mit-fresnel-linse-und-warmweisser-180-w-led-in-schwarzem-gehaeuse\/","title":{"rendered":"Cameo TS 200 WW Theater-Spot mit Fresnel-Linse und warmwei\u00dfer 180 W LED in schwarzem Geh\u00e4use"},"content":{"rendered":"<ul>\n<li>Leistungsstarke warmwei\u00dfe 180 W LED<\/li>\n<li>Fresnel-Linse<\/li>\n<li>Stufenloser manueller Zoom f\u00fcr 14\u00b0 &#8211; 38\u00b0 Abstrahlwinkel<\/li>\n<li>RDM-f\u00e4hig<\/li>\n<li>67.500 Lux @ 1 m \/ 6.600 Lumen<\/li>\n<li>3.100 K Farbtemperatur<\/li>\n<li>CRI &gt;96 f\u00fcr naturgetreue Farbwiedergabe<\/li>\n<li>Flackerfreie Projektion<\/li>\n<li>Robustes Metallgeh\u00e4use mit temperaturgesteuertem L\u00fcfter<\/li>\n<li>Inklusive drehbarem Fl\u00fcgelbegrenzer und Farbfilterrahmen<\/li>\n<\/ul>\n","protected":false},"excerpt":{"rendered":"<p>Leistungsstarke warmwei\u00dfe 180 W LED Fresnel-Linse Stufenloser manueller Zoom f\u00fcr 14\u00b0 &#8211; 38\u00b0 Abstrahlwinkel RDM-f\u00e4hig 67.500 Lux @ 1 m \/ 6.600 Lumen 3.100 K Farbtemperatur CRI &gt;96 f\u00fcr naturgetreue Farbwiedergabe Flackerfreie Projektion Robustes Metallgeh\u00e4use mit temperaturgesteuertem L\u00fcfter Inklusive drehbarem Fl\u00fcgelbegrenzer und Farbfilterrahmen<\/p>\n","protected":false},"featured_media":881,"comment_status":"closed","ping_status":"closed","template":"","meta":[],"product_brand":[],"product_cat":[234],"product_tag":[235,241],"class_list":{"0":"post-880","1":"product","2":"type-product","3":"status-publish","4":"has-post-thumbnail","6":"product_cat-led-scheinwerfer","7":"product_tag-led-scheinwerfer","8":"product_tag-ts200ww","10":"first","11":"instock","12":"taxable","13":"shipping-taxable","14":"purchasable","15":"product-type-simple"},"jetpack_sharing_enabled":true,"_links":{"self":[{"href":"https:\/\/audio-tools.at\/index.php\/wp-json\/wp\/v2\/product\/880","targetHints":{"allow":["GET"]}}],"collection":[{"href":"https:\/\/audio-tools.at\/index.php\/wp-json\/wp\/v2\/product"}],"about":[{"href":"https:\/\/audio-tools.at\/index.php\/wp-json\/wp\/v2\/types\/product"}],"replies":[{"embeddable":true,"href":"https:\/\/audio-tools.at\/index.php\/wp-json\/wp\/v2\/comments?post=880"}],"wp:featuredmedia":[{"embeddable":true,"href":"https:\/\/audio-tools.at\/index.php\/wp-json\/wp\/v2\/media\/881"}],"wp:attachment":[{"href":"https:\/\/audio-tools.at\/index.php\/wp-json\/wp\/v2\/media?parent=880"}],"wp:term":[{"taxonomy":"product_brand","embeddable":true,"href":"https:\/\/audio-tools.at\/index.php\/wp-json\/wp\/v2\/product_brand?post=880"},{"taxonomy":"product_cat","embeddable":true,"href":"https:\/\/audio-tools.at\/index.php\/wp-json\/wp\/v2\/product_cat?post=880"},{"taxonomy":"product_tag","embeddable":true,"href":"https:\/\/audio-tools.at\/index.php\/wp-json\/wp\/v2\/product_tag?post=880"}],"curies":[{"name":"wp","href":"https:\/\/api.w.org\/{rel}","templated":true}]}}