{"id":882,"date":"2020-11-20T15:50:45","date_gmt":"2020-11-20T15:50:45","guid":{"rendered":"https:\/\/audio-tools.at\/?post_type=product&#038;p=882"},"modified":"2022-11-29T19:41:38","modified_gmt":"2022-11-29T19:41:38","slug":"cameo-f2t-professionelles-led-tungsten-fresnel-spotlight","status":"publish","type":"product","link":"https:\/\/audio-tools.at\/index.php\/produkt\/cameo-f2t-professionelles-led-tungsten-fresnel-spotlight\/","title":{"rendered":"Cameo F2T Professionelles LED Tungsten Fresnel-Spotlight"},"content":{"rendered":"<ul>\n<li>LED-Fresnel-Scheinwerfer with 3.200 K Tungsten-LED und 14.000 lm Lichtstrom<\/li>\n<li>Perfekter Ersatz f\u00fcr herk\u00f6mmliche 1 kW Fresnel-Scheinwerfer<\/li>\n<li>Naturgetreue Farbwiedergabe, CRI 96, TLCI 97<\/li>\n<li>Stufenloser Zoom f\u00fcr Abstrahlwinkel von 15\u00b0 bis 40\u00b0<\/li>\n<li>4 w\u00e4hlbare 16-Bit Dimmerkurven mit einstellbarem Ansprechverhalten<\/li>\n<li>Optimierte Funktion durch hocheffiziente W\u00e4rmerohr-K\u00fchlung und temperaturgesteuerten L\u00fcfter<\/li>\n<li>RDM-f\u00e4hig<\/li>\n<li>W\u00e4hlbare Pulsweitenmodulationsfrequenzen bis 25 kHz<\/li>\n<li>Flackerfreier und ger\u00e4uschloser Betrieb, ideal f\u00fcr TV, Film und Theater<\/li>\n<li>Inklusive 8-fach Fl\u00fcgelbegrenzer und Gel-Rahmen<\/li>\n<\/ul>\n","protected":false},"excerpt":{"rendered":"\n","protected":false},"featured_media":883,"comment_status":"closed","ping_status":"closed","template":"","meta":[],"product_brand":[],"product_cat":[234],"product_tag":[243,242,235],"class_list":{"0":"post-882","1":"product","2":"type-product","3":"status-publish","4":"has-post-thumbnail","6":"product_cat-led-scheinwerfer","7":"product_tag-cameo-led","8":"product_tag-f2t","9":"product_tag-led-scheinwerfer","11":"first","12":"instock","13":"taxable","14":"shipping-taxable","15":"purchasable","16":"product-type-simple"},"jetpack_sharing_enabled":true,"_links":{"self":[{"href":"https:\/\/audio-tools.at\/index.php\/wp-json\/wp\/v2\/product\/882","targetHints":{"allow":["GET"]}}],"collection":[{"href":"https:\/\/audio-tools.at\/index.php\/wp-json\/wp\/v2\/product"}],"about":[{"href":"https:\/\/audio-tools.at\/index.php\/wp-json\/wp\/v2\/types\/product"}],"replies":[{"embeddable":true,"href":"https:\/\/audio-tools.at\/index.php\/wp-json\/wp\/v2\/comments?post=882"}],"wp:featuredmedia":[{"embeddable":true,"href":"https:\/\/audio-tools.at\/index.php\/wp-json\/wp\/v2\/media\/883"}],"wp:attachment":[{"href":"https:\/\/audio-tools.at\/index.php\/wp-json\/wp\/v2\/media?parent=882"}],"wp:term":[{"taxonomy":"product_brand","embeddable":true,"href":"https:\/\/audio-tools.at\/index.php\/wp-json\/wp\/v2\/product_brand?post=882"},{"taxonomy":"product_cat","embeddable":true,"href":"https:\/\/audio-tools.at\/index.php\/wp-json\/wp\/v2\/product_cat?post=882"},{"taxonomy":"product_tag","embeddable":true,"href":"https:\/\/audio-tools.at\/index.php\/wp-json\/wp\/v2\/product_tag?post=882"}],"curies":[{"name":"wp","href":"https:\/\/api.w.org\/{rel}","templated":true}]}}