{"id":939,"date":"2020-11-24T15:50:14","date_gmt":"2020-11-24T15:50:14","guid":{"rendered":"https:\/\/audio-tools.at\/?post_type=product&#038;p=939"},"modified":"2020-11-24T15:50:15","modified_gmt":"2020-11-24T15:50:15","slug":"zurrgurt-mit-druckratsche-35-mm-60-m-sr-356","status":"publish","type":"product","link":"https:\/\/audio-tools.at\/index.php\/produkt\/zurrgurt-mit-druckratsche-35-mm-60-m-sr-356\/","title":{"rendered":"Zurrgurt mit Druckratsche 35 mm &#8211; 6,0 m SR 356"},"content":{"rendered":"<p>Die Zurrgurte werden aus einem Gurtband aus Polyester (PES) mit einer durchschnittlichen Dehnung von lediglich 4% und einer hochwertigen Druckratsche gefertigt. Sie tragen das vorgeschriebene blaue Etikett mit Angabe von L\u00e4nge und zul\u00e4ssiger Zugkraft. Sie sind nach DIN 60060 \/ VDI 2701 gefertigt und durch die Pr\u00fcf- und Zertifizierungsstelle (BG-Pr\u00fcfzert) Fachausschuss Verkehr auf Qualit\u00e4t und Sicherheit gepr\u00fcft.<\/p>\n<div class=\"specification\">\n<div class=\"row\">\n<div class=\"col-xs-12 col-md-4\"><strong>Produktart<\/strong><\/div>\n<div class=\"col-xs-12 col-md-8\">Zurrgurte<\/div>\n<\/div>\n<hr class=\"mvs\" \/>\n<\/div>\n<div class=\"specification\">\n<div class=\"row\">\n<div class=\"col-xs-12 col-md-4\"><strong>L\u00e4nge<\/strong><\/div>\n<div class=\"col-xs-12 col-md-8\">6 m<\/div>\n<\/div>\n<hr class=\"mvs\" \/>\n<\/div>\n<div class=\"specification\">\n<div class=\"row\">\n<div class=\"col-xs-12 col-md-4\"><strong>Breite<\/strong><\/div>\n<div class=\"col-xs-12 col-md-8\">35 mm<\/div>\n<\/div>\n<hr class=\"mvs\" \/>\n<\/div>\n<div class=\"specification\">\n<div class=\"row\">\n<div class=\"col-xs-12 col-md-4\"><strong>Verschluss<\/strong><\/div>\n<div class=\"col-xs-12 col-md-8\">Druckratsche<\/div>\n<\/div>\n<hr class=\"mvs\" \/>\n<\/div>\n<div class=\"specification\">\n<div class=\"row\">\n<div class=\"col-xs-12 col-md-4\"><strong>Material Gurtband<\/strong><\/div>\n<div class=\"col-xs-12 col-md-8\">Polyestergewebe<\/div>\n<\/div>\n<hr class=\"mvs\" \/>\n<\/div>\n<div class=\"specification\">\n<div class=\"row\">\n<div class=\"col-xs-12 col-md-4\"><strong>Farbe<\/strong><\/div>\n<div class=\"col-xs-12 col-md-8\">schwarz<\/div>\n<\/div>\n<hr class=\"mvs\" \/>\n<\/div>\n<div class=\"specification\">\n<div class=\"row\">\n<div class=\"col-xs-12 col-md-4\"><strong>zul\u00e4ssige Zugkraft<\/strong><\/div>\n<div class=\"col-xs-12 col-md-8\">2000 daN<\/div>\n<\/div>\n<hr class=\"mvs\" \/>\n<\/div>\n<div class=\"specification\">\n<div class=\"row\">\n<div class=\"col-xs-12 col-md-4\"><strong>Dehnung<\/strong><\/div>\n<div class=\"col-xs-12 col-md-8\">&lt;7%<\/div>\n<\/div>\n<hr class=\"mvs\" \/>\n<\/div>\n<div class=\"specification\">\n<div class=\"row\">\n<div class=\"col-xs-12 col-md-4\"><strong>Gewicht<\/strong><\/div>\n<div class=\"col-xs-12 col-md-8\">0,805 kg<\/div>\n<\/div>\n<\/div>\n","protected":false},"excerpt":{"rendered":"<p>Die Zurrgurte werden aus einem Gurtband aus Polyester (PES) mit einer durchschnittlichen Dehnung von lediglich 4% und einer hochwertigen Druckratsche gefertigt. Sie tragen das vorgeschriebene blaue Etikett mit Angabe von L\u00e4nge und zul\u00e4ssiger Zugkraft. Sie sind nach DIN 60060 \/ VDI 2701 gefertigt und durch die Pr\u00fcf- und Zertifizierungsstelle (BG-Pr\u00fcfzert) Fachausschuss Verkehr auf Qualit\u00e4t und [&hellip;]<\/p>\n","protected":false},"featured_media":940,"comment_status":"closed","ping_status":"closed","template":"","meta":[],"product_brand":[],"product_cat":[30],"product_tag":[294,293,292],"class_list":{"0":"post-939","1":"product","2":"type-product","3":"status-publish","4":"has-post-thumbnail","6":"product_cat-addons","7":"product_tag-6m","8":"product_tag-ratschengurt","9":"product_tag-zurrgurt","11":"first","12":"instock","13":"sale","14":"taxable","15":"shipping-taxable","16":"purchasable","17":"product-type-simple"},"jetpack_sharing_enabled":true,"_links":{"self":[{"href":"https:\/\/audio-tools.at\/index.php\/wp-json\/wp\/v2\/product\/939","targetHints":{"allow":["GET"]}}],"collection":[{"href":"https:\/\/audio-tools.at\/index.php\/wp-json\/wp\/v2\/product"}],"about":[{"href":"https:\/\/audio-tools.at\/index.php\/wp-json\/wp\/v2\/types\/product"}],"replies":[{"embeddable":true,"href":"https:\/\/audio-tools.at\/index.php\/wp-json\/wp\/v2\/comments?post=939"}],"wp:featuredmedia":[{"embeddable":true,"href":"https:\/\/audio-tools.at\/index.php\/wp-json\/wp\/v2\/media\/940"}],"wp:attachment":[{"href":"https:\/\/audio-tools.at\/index.php\/wp-json\/wp\/v2\/media?parent=939"}],"wp:term":[{"taxonomy":"product_brand","embeddable":true,"href":"https:\/\/audio-tools.at\/index.php\/wp-json\/wp\/v2\/product_brand?post=939"},{"taxonomy":"product_cat","embeddable":true,"href":"https:\/\/audio-tools.at\/index.php\/wp-json\/wp\/v2\/product_cat?post=939"},{"taxonomy":"product_tag","embeddable":true,"href":"https:\/\/audio-tools.at\/index.php\/wp-json\/wp\/v2\/product_tag?post=939"}],"curies":[{"name":"wp","href":"https:\/\/api.w.org\/{rel}","templated":true}]}}