{"id":943,"date":"2020-11-24T15:57:47","date_gmt":"2020-11-24T15:57:47","guid":{"rendered":"https:\/\/audio-tools.at\/?post_type=product&#038;p=943"},"modified":"2020-11-24T15:57:47","modified_gmt":"2020-11-24T15:57:47","slug":"zurrgurt-mit-klemmverschluss-25-mm-2-m-laenge-szk-252","status":"publish","type":"product","link":"https:\/\/audio-tools.at\/index.php\/produkt\/zurrgurt-mit-klemmverschluss-25-mm-2-m-laenge-szk-252\/","title":{"rendered":"Zurrgurt mit Klemmverschluss 25 mm, 2 m L\u00e4nge SZK 252"},"content":{"rendered":"<p>Langlebiger Zurrgurt in 25 mm Breite mit stabilem Klemmverschluss gefertigt nach EN 12195-2 PES. Sie tragen das vorgeschriebene blaue Etikett mit Angabe von L\u00e4nge, zul\u00e4ssiger Zugkraft und Pr\u00fcfkennung. Mit seiner maximalen Zurrkraft von LC 250 daN (ca. 0,25t) ein sicherer und verifizierter Befestigungssystem f\u00fcr zahlreiche Einsatzgebiete.<\/p>\n<div class=\"specification\">\n<div class=\"row\">\n<div class=\"col-xs-12 col-md-4\"><strong>L\u00e4nge<\/strong><\/div>\n<div class=\"col-xs-12 col-md-8\">2 m<\/div>\n<\/div>\n<hr class=\"mvs\" \/>\n<\/div>\n<div class=\"specification\">\n<div class=\"row\">\n<div class=\"col-xs-12 col-md-4\"><strong>Breite<\/strong><\/div>\n<div class=\"col-xs-12 col-md-8\">25 mm<\/div>\n<\/div>\n<hr class=\"mvs\" \/>\n<\/div>\n<div class=\"specification\">\n<div class=\"row\">\n<div class=\"col-xs-12 col-md-4\"><strong>Verschluss<\/strong><\/div>\n<div class=\"col-xs-12 col-md-8\">Klemmverschluss , Metall<\/div>\n<\/div>\n<hr class=\"mvs\" \/>\n<\/div>\n<div class=\"specification\">\n<div class=\"row\">\n<div class=\"col-xs-12 col-md-4\"><strong>Material Gurtband<\/strong><\/div>\n<div class=\"col-xs-12 col-md-8\">Polyestergewebe<\/div>\n<\/div>\n<hr class=\"mvs\" \/>\n<\/div>\n<div class=\"specification\">\n<div class=\"row\">\n<div class=\"col-xs-12 col-md-4\"><strong>Farbe<\/strong><\/div>\n<div class=\"col-xs-12 col-md-8\">schwarz<\/div>\n<\/div>\n<hr class=\"mvs\" \/>\n<\/div>\n<div class=\"specification\">\n<div class=\"row\">\n<div class=\"col-xs-12 col-md-4\"><strong>zul\u00e4ssige Zugkraft<\/strong><\/div>\n<div class=\"col-xs-12 col-md-8\">250 daN<\/div>\n<\/div>\n<hr class=\"mvs\" \/>\n<\/div>\n<div class=\"specification\">\n<div class=\"row\">\n<div class=\"col-xs-12 col-md-4\"><strong>Bauweise<\/strong><\/div>\n<div class=\"col-xs-12 col-md-8\">1-teilig<\/div>\n<\/div>\n<hr class=\"mvs\" \/>\n<\/div>\n<div class=\"specification\">\n<div class=\"row\">\n<div class=\"col-xs-12 col-md-4\"><strong>Zertifizierung<\/strong><\/div>\n<div class=\"col-xs-12 col-md-8\">EN 12195-2 PES<\/div>\n<\/div>\n<hr class=\"mvs\" \/>\n<\/div>\n<div class=\"specification\">\n<div class=\"row\">\n<div class=\"col-xs-12 col-md-4\"><strong>Gewicht<\/strong><\/div>\n<div class=\"col-xs-12 col-md-8\">0,08 kg<\/div>\n<\/div>\n<\/div>\n","protected":false},"excerpt":{"rendered":"<p>Langlebiger Zurrgurt in 25 mm Breite mit stabilem Klemmverschluss gefertigt nach EN 12195-2 PES. Sie tragen das vorgeschriebene blaue Etikett mit Angabe von L\u00e4nge, zul\u00e4ssiger Zugkraft und Pr\u00fcfkennung. Mit seiner maximalen Zurrkraft von LC 250 daN (ca. 0,25t) ein sicherer und verifizierter Befestigungssystem f\u00fcr zahlreiche Einsatzgebiete. L\u00e4nge 2 m Breite 25 mm Verschluss Klemmverschluss , [&hellip;]<\/p>\n","protected":false},"featured_media":944,"comment_status":"closed","ping_status":"closed","template":"","meta":[],"product_brand":[],"product_cat":[30],"product_tag":[297,296,292],"class_list":{"0":"post-943","1":"product","2":"type-product","3":"status-publish","4":"has-post-thumbnail","6":"product_cat-addons","7":"product_tag-2m","8":"product_tag-klemmverschluss","9":"product_tag-zurrgurt","11":"first","12":"instock","13":"sale","14":"taxable","15":"shipping-taxable","16":"purchasable","17":"product-type-simple"},"jetpack_sharing_enabled":true,"_links":{"self":[{"href":"https:\/\/audio-tools.at\/index.php\/wp-json\/wp\/v2\/product\/943","targetHints":{"allow":["GET"]}}],"collection":[{"href":"https:\/\/audio-tools.at\/index.php\/wp-json\/wp\/v2\/product"}],"about":[{"href":"https:\/\/audio-tools.at\/index.php\/wp-json\/wp\/v2\/types\/product"}],"replies":[{"embeddable":true,"href":"https:\/\/audio-tools.at\/index.php\/wp-json\/wp\/v2\/comments?post=943"}],"wp:featuredmedia":[{"embeddable":true,"href":"https:\/\/audio-tools.at\/index.php\/wp-json\/wp\/v2\/media\/944"}],"wp:attachment":[{"href":"https:\/\/audio-tools.at\/index.php\/wp-json\/wp\/v2\/media?parent=943"}],"wp:term":[{"taxonomy":"product_brand","embeddable":true,"href":"https:\/\/audio-tools.at\/index.php\/wp-json\/wp\/v2\/product_brand?post=943"},{"taxonomy":"product_cat","embeddable":true,"href":"https:\/\/audio-tools.at\/index.php\/wp-json\/wp\/v2\/product_cat?post=943"},{"taxonomy":"product_tag","embeddable":true,"href":"https:\/\/audio-tools.at\/index.php\/wp-json\/wp\/v2\/product_tag?post=943"}],"curies":[{"name":"wp","href":"https:\/\/api.w.org\/{rel}","templated":true}]}}