{"id":965,"date":"2020-11-25T12:41:57","date_gmt":"2020-11-25T12:41:57","guid":{"rendered":"https:\/\/audio-tools.at\/?post_type=product&#038;p=965"},"modified":"2020-11-25T12:41:57","modified_gmt":"2020-11-25T12:41:57","slug":"steckdosenleiste-8-fach-1he-19-vde-zertifiziert-87471","status":"publish","type":"product","link":"https:\/\/audio-tools.at\/index.php\/produkt\/steckdosenleiste-8-fach-1he-19-vde-zertifiziert-87471\/","title":{"rendered":"Steckdosenleiste 8-fach, 1HE 19&#8243; VDE-zertifiziert 87471"},"content":{"rendered":"<ul>\n<li>Zweipoliger beleuchteter Schalter vorderseitig<\/li>\n<li>8 Steckpl\u00e4tze r\u00fcckseitig<\/li>\n<li>Einbautiefe: 54 mm<\/li>\n<li>19&#8243; Winkel k\u00f6nnen in vier Positionen montiert werden<\/li>\n<li>Kabelzuf\u00fchrung seitlich<\/li>\n<li>VDE-zertifiziert<\/li>\n<\/ul>\n","protected":false},"excerpt":{"rendered":"<p>Zweipoliger beleuchteter Schalter vorderseitig 8 Steckpl\u00e4tze r\u00fcckseitig Einbautiefe: 54 mm 19&#8243; Winkel k\u00f6nnen in vier Positionen montiert werden Kabelzuf\u00fchrung seitlich VDE-zertifiziert<\/p>\n","protected":false},"featured_media":966,"comment_status":"closed","ping_status":"closed","template":"","meta":[],"product_brand":[],"product_cat":[30],"product_tag":[310,312,311,309],"class_list":{"0":"post-965","1":"product","2":"type-product","3":"status-publish","4":"has-post-thumbnail","6":"product_cat-addons","7":"product_tag-19-stromverteiler","8":"product_tag-312","9":"product_tag-8fach-steckleiste","10":"product_tag-steckdosenleiste","12":"first","13":"instock","14":"sale","15":"taxable","16":"shipping-taxable","17":"purchasable","18":"product-type-simple"},"jetpack_sharing_enabled":true,"_links":{"self":[{"href":"https:\/\/audio-tools.at\/index.php\/wp-json\/wp\/v2\/product\/965","targetHints":{"allow":["GET"]}}],"collection":[{"href":"https:\/\/audio-tools.at\/index.php\/wp-json\/wp\/v2\/product"}],"about":[{"href":"https:\/\/audio-tools.at\/index.php\/wp-json\/wp\/v2\/types\/product"}],"replies":[{"embeddable":true,"href":"https:\/\/audio-tools.at\/index.php\/wp-json\/wp\/v2\/comments?post=965"}],"wp:featuredmedia":[{"embeddable":true,"href":"https:\/\/audio-tools.at\/index.php\/wp-json\/wp\/v2\/media\/966"}],"wp:attachment":[{"href":"https:\/\/audio-tools.at\/index.php\/wp-json\/wp\/v2\/media?parent=965"}],"wp:term":[{"taxonomy":"product_brand","embeddable":true,"href":"https:\/\/audio-tools.at\/index.php\/wp-json\/wp\/v2\/product_brand?post=965"},{"taxonomy":"product_cat","embeddable":true,"href":"https:\/\/audio-tools.at\/index.php\/wp-json\/wp\/v2\/product_cat?post=965"},{"taxonomy":"product_tag","embeddable":true,"href":"https:\/\/audio-tools.at\/index.php\/wp-json\/wp\/v2\/product_tag?post=965"}],"curies":[{"name":"wp","href":"https:\/\/api.w.org\/{rel}","templated":true}]}}