{"id":975,"date":"2020-11-25T16:50:27","date_gmt":"2020-11-25T16:50:27","guid":{"rendered":"https:\/\/audio-tools.at\/?post_type=product&#038;p=975"},"modified":"2023-02-21T08:40:54","modified_gmt":"2023-02-21T08:40:54","slug":"radial-j-iso-stereo-signal-wandler","status":"publish","type":"product","link":"https:\/\/audio-tools.at\/index.php\/produkt\/radial-j-iso-stereo-signal-wandler\/","title":{"rendered":"Radial J ISO Stereo Signal Wandler"},"content":{"rendered":"<ul class=\"prod-features\">\n<li>wandelt symmetrische Signale (XLR) in unsymmetrische Signale (Klinke \/ Cinch \/ Miniklinke)<\/li>\n<li>schaltbarer Groundlift<\/li>\n<li>regelbarer Ausgangspegel<\/li>\n<li>robustes Metallgeh\u00e4use<\/li>\n<li>2 XLR female Eing\u00e4nge<\/li>\n<li>2 Klinke Ausg\u00e4nge<\/li>\n<li>2 Cinch Ausg\u00e4nge<\/li>\n<li>3,5 mm Miniklinke Ausgang<\/li>\n<li>Jensen \u00dcbertrager<\/li>\n<\/ul>\n","protected":false},"excerpt":{"rendered":"<p>wandelt symmetrische Signale (XLR) in unsymmetrische Signale (Klinke \/ Cinch \/ Miniklinke) schaltbarer Groundlift regelbarer Ausgangspegel robustes Metallgeh\u00e4use 2 XLR female Eing\u00e4nge 2 Klinke Ausg\u00e4nge 2 Cinch Ausg\u00e4nge 3,5 mm Miniklinke Ausgang Jensen \u00dcbertrager<\/p>\n","protected":false},"featured_media":976,"comment_status":"closed","ping_status":"closed","template":"","meta":[],"product_brand":[],"product_cat":[87],"product_tag":[322,320,321],"class_list":{"0":"post-975","1":"product","2":"type-product","3":"status-publish","4":"has-post-thumbnail","6":"product_cat-tools","7":"product_tag-j-iso","8":"product_tag-signal-wandler","9":"product_tag-xlr-cinch-converter","11":"first","12":"instock","13":"taxable","14":"shipping-taxable","15":"purchasable","16":"product-type-simple"},"jetpack_sharing_enabled":true,"_links":{"self":[{"href":"https:\/\/audio-tools.at\/index.php\/wp-json\/wp\/v2\/product\/975","targetHints":{"allow":["GET"]}}],"collection":[{"href":"https:\/\/audio-tools.at\/index.php\/wp-json\/wp\/v2\/product"}],"about":[{"href":"https:\/\/audio-tools.at\/index.php\/wp-json\/wp\/v2\/types\/product"}],"replies":[{"embeddable":true,"href":"https:\/\/audio-tools.at\/index.php\/wp-json\/wp\/v2\/comments?post=975"}],"wp:featuredmedia":[{"embeddable":true,"href":"https:\/\/audio-tools.at\/index.php\/wp-json\/wp\/v2\/media\/976"}],"wp:attachment":[{"href":"https:\/\/audio-tools.at\/index.php\/wp-json\/wp\/v2\/media?parent=975"}],"wp:term":[{"taxonomy":"product_brand","embeddable":true,"href":"https:\/\/audio-tools.at\/index.php\/wp-json\/wp\/v2\/product_brand?post=975"},{"taxonomy":"product_cat","embeddable":true,"href":"https:\/\/audio-tools.at\/index.php\/wp-json\/wp\/v2\/product_cat?post=975"},{"taxonomy":"product_tag","embeddable":true,"href":"https:\/\/audio-tools.at\/index.php\/wp-json\/wp\/v2\/product_tag?post=975"}],"curies":[{"name":"wp","href":"https:\/\/api.w.org\/{rel}","templated":true}]}}