{"id":977,"date":"2020-11-25T16:54:33","date_gmt":"2020-11-25T16:54:33","guid":{"rendered":"https:\/\/audio-tools.at\/?post_type=product&#038;p=977"},"modified":"2023-02-21T08:40:01","modified_gmt":"2023-02-21T08:40:01","slug":"radial-j4-stereo-preamp","status":"publish","type":"product","link":"https:\/\/audio-tools.at\/index.php\/produkt\/radial-j4-stereo-preamp\/","title":{"rendered":"Radial J+4 Stereo Preamp"},"content":{"rendered":"<ul class=\"prod-features\">\n<li>Stereo Line Driver<\/li>\n<li>regelbarer Input-Gain<\/li>\n<li>schalbarer LowCut<\/li>\n<li>schaltbarer Gnd-Lift<\/li>\n<li>stabiles Metallgeh\u00e4use<\/li>\n<li>Eing\u00e4nge: 3,5 mm Stereoklinke Input, 2x 6,3 mm Klinke Input, 2x Cinch Input<\/li>\n<li>Ausg\u00e4nge: 2x XLR out<\/li>\n<li>extrem rauscharm<\/li>\n<li>inkl. Netzteil<\/li>\n<\/ul>\n","protected":false},"excerpt":{"rendered":"<p>Stereo Line Driver regelbarer Input-Gain schalbarer LowCut schaltbarer Gnd-Lift stabiles Metallgeh\u00e4use Eing\u00e4nge: 3,5 mm Stereoklinke Input, 2x 6,3 mm Klinke Input, 2x Cinch Input Ausg\u00e4nge: 2x XLR out extrem rauscharm inkl. Netzteil<\/p>\n","protected":false},"featured_media":978,"comment_status":"closed","ping_status":"closed","template":"","meta":[],"product_brand":[],"product_cat":[87],"product_tag":[323,324],"class_list":{"0":"post-977","1":"product","2":"type-product","3":"status-publish","4":"has-post-thumbnail","6":"product_cat-tools","7":"product_tag-radial-j4","8":"product_tag-stereo-preamp","10":"first","11":"instock","12":"taxable","13":"shipping-taxable","14":"purchasable","15":"product-type-simple"},"jetpack_sharing_enabled":true,"_links":{"self":[{"href":"https:\/\/audio-tools.at\/index.php\/wp-json\/wp\/v2\/product\/977","targetHints":{"allow":["GET"]}}],"collection":[{"href":"https:\/\/audio-tools.at\/index.php\/wp-json\/wp\/v2\/product"}],"about":[{"href":"https:\/\/audio-tools.at\/index.php\/wp-json\/wp\/v2\/types\/product"}],"replies":[{"embeddable":true,"href":"https:\/\/audio-tools.at\/index.php\/wp-json\/wp\/v2\/comments?post=977"}],"wp:featuredmedia":[{"embeddable":true,"href":"https:\/\/audio-tools.at\/index.php\/wp-json\/wp\/v2\/media\/978"}],"wp:attachment":[{"href":"https:\/\/audio-tools.at\/index.php\/wp-json\/wp\/v2\/media?parent=977"}],"wp:term":[{"taxonomy":"product_brand","embeddable":true,"href":"https:\/\/audio-tools.at\/index.php\/wp-json\/wp\/v2\/product_brand?post=977"},{"taxonomy":"product_cat","embeddable":true,"href":"https:\/\/audio-tools.at\/index.php\/wp-json\/wp\/v2\/product_cat?post=977"},{"taxonomy":"product_tag","embeddable":true,"href":"https:\/\/audio-tools.at\/index.php\/wp-json\/wp\/v2\/product_tag?post=977"}],"curies":[{"name":"wp","href":"https:\/\/api.w.org\/{rel}","templated":true}]}}